{"id":1551,"date":"2025-02-20T23:33:24","date_gmt":"2025-02-20T23:33:24","guid":{"rendered":"https:\/\/mondopet.phytoitalia.it\/prodotto\/allernut\/"},"modified":"2025-11-25T14:09:29","modified_gmt":"2025-11-25T14:09:29","slug":"allernut","status":"publish","type":"product","link":"https:\/\/mondopet-phytoitalia.it\/fr\/prodotto\/allernut\/","title":{"rendered":"Allernut"},"content":{"rendered":"<p><strong>MODE D\u2019EMPLOI<\/strong><\/p>\n<p>ALLERNUT est un aliment compl\u00e9mentaire pour chiens et chats, pr\u00e9sent\u00e9 sous forme de comprim\u00e9s app\u00e9tents \u00e0 base de P\u00e9rilla, Eschscholtzia, Pens\u00e9e sauvage, Desmodium, Plantain et extrait de Bardane, pour favoriser le bon \u00e9tat de la peau et du pelage. La formule, sans ingr\u00e9dients d\u2019origine animale, convient aux animaux intol\u00e9rants ou soumis \u00e0 un r\u00e9gime alimentaire contr\u00f4l\u00e9 (r\u00e9gime d\u2019exclusion par exemple).<\/p>\n<p><strong>DOSAGE ET RATION QUOTIDIENNE<\/strong><br \/>\nPoids de l\u2019animal Dose quotidienne recommand\u00e9e<\/p>\n<p><strong>Chien<\/strong><br \/>\nJusqu\u2019\u00e0 10 kg 1 comprim\u00e9<br \/>\n10\u201320 kg 2 comprim\u00e9s<br \/>\n20\u201330 kg 3 comprim\u00e9s<br \/>\n30\u201340 kg 4 comprim\u00e9s<br \/>\nPlus de 40 kg 5 comprim\u00e9s<\/p>\n<p><strong>Chat<\/strong><br \/>\nJusqu\u2019\u00e0 5 kg \u00bd comprim\u00e9<br \/>\nPlus de 5 kg 1 comprim\u00e9<\/p>\n<p>Administrer directement dans la bouche de l\u2019animal ou m\u00e9langer \u00e0 la nourriture. Compl\u00e9ter la ration journali\u00e8re avec l\u2019alimentation habituelle. Laisser de l\u2019eau fra\u00eeche \u00e0 disposition.<\/p>\n<p><strong>CONSTITUANTS ANALYTIQUES<\/strong><br \/>\nProt\u00e9ines brutes %, Fibres brutes %, Mati\u00e8res grasses brutes %, Cendres brutes %, Humidit\u00e9 %<\/p>\n<p><strong>AVERTISSEMENTS<\/strong><br \/>\nConserver dans un endroit frais et sec, \u00e0 l\u2019abri des sources de chaleur. La date de p\u00e9remption fait r\u00e9f\u00e9rence au produit non ouvert et correctement stock\u00e9. Ne pas jeter le contenant dans la nature. Tenir hors de port\u00e9e des enfants.<\/p>\n<p><strong>CONSTITUANTS (par comprim\u00e9 de 1000 mg)<\/strong><br \/>\nExtrait de Bardane 60 mg<br \/>\nP\u00e9rilla (feuille) 40 mg,<br \/>\nEschscholtzia (parties a\u00e9riennes fleuries) 40 mg<br \/>\nPens\u00e9e sauvage (parties a\u00e9riennes fleuries) 40 mg<br \/>\nDesmodium (feuille) 40 mg,<br \/>\nPlantain (feuille) 40 mg<\/p>\n<p><strong>COMPOSITION<\/strong><br \/>\nLevures inactiv\u00e9es (levure de bi\u00e8re)<br \/>\nPyrophosphate de sodium<br \/>\nProduits v\u00e9g\u00e9taux transform\u00e9s (P\u00e9rilla 4 %, Eschscholtzia 4 %, Pens\u00e9e sauvage 4 %, Desmodium 4 %, Plantain 4 %)<br \/>\nSt\u00e9arate de magn\u00e9sium, Mono-, di- et triglyc\u00e9rides d&rsquo;acides gras (behenate de glyc\u00e9ryle)<br \/>\nChlorure de sodium<br \/>\nFarine de prot\u00e9ine de lupin<br \/>\nHuiles et graisses v\u00e9g\u00e9tales (huile de tournesol)<\/p>\n<p><strong>ADDITIFS<\/strong><br \/>\nAdditifs sensoriels : Extraits botaniques naturels : Bardane (Arctium lappa L.) 60 000 mg\/kg<br \/>\nAdditifs technologiques : E460 Cellulose microcristalline, E551a Acide silicique, pr\u00e9cipit\u00e9 et s\u00e9ch\u00e9<\/p>\n<p>&nbsp;<\/p>\n","protected":false},"excerpt":{"rendered":"<p>La solution rapide contre les dermatoses<\/p>\n","protected":false},"featured_media":1211,"comment_status":"closed","ping_status":"closed","template":"","meta":{"_acf_changed":false},"product_brand":[],"product_cat":[50],"product_tag":[],"class_list":{"0":"post-1551","1":"product","2":"type-product","3":"status-publish","4":"has-post-thumbnail","6":"product_cat-nutrition-fr","8":"first","9":"instock","10":"shipping-taxable","11":"purchasable","12":"product-type-simple"},"acf":[],"_links":{"self":[{"href":"https:\/\/mondopet-phytoitalia.it\/fr\/wp-json\/wp\/v2\/product\/1551","targetHints":{"allow":["GET"]}}],"collection":[{"href":"https:\/\/mondopet-phytoitalia.it\/fr\/wp-json\/wp\/v2\/product"}],"about":[{"href":"https:\/\/mondopet-phytoitalia.it\/fr\/wp-json\/wp\/v2\/types\/product"}],"replies":[{"embeddable":true,"href":"https:\/\/mondopet-phytoitalia.it\/fr\/wp-json\/wp\/v2\/comments?post=1551"}],"wp:featuredmedia":[{"embeddable":true,"href":"https:\/\/mondopet-phytoitalia.it\/fr\/wp-json\/wp\/v2\/media\/1211"}],"wp:attachment":[{"href":"https:\/\/mondopet-phytoitalia.it\/fr\/wp-json\/wp\/v2\/media?parent=1551"}],"wp:term":[{"taxonomy":"product_brand","embeddable":true,"href":"https:\/\/mondopet-phytoitalia.it\/fr\/wp-json\/wp\/v2\/product_brand?post=1551"},{"taxonomy":"product_cat","embeddable":true,"href":"https:\/\/mondopet-phytoitalia.it\/fr\/wp-json\/wp\/v2\/product_cat?post=1551"},{"taxonomy":"product_tag","embeddable":true,"href":"https:\/\/mondopet-phytoitalia.it\/fr\/wp-json\/wp\/v2\/product_tag?post=1551"}],"curies":[{"name":"wp","href":"https:\/\/api.w.org\/{rel}","templated":true}]}}