{"id":1550,"date":"2025-02-20T23:32:30","date_gmt":"2025-02-20T23:32:30","guid":{"rendered":"https:\/\/mondopet.phytoitalia.it\/prodotto\/dermanut\/"},"modified":"2025-11-25T14:13:15","modified_gmt":"2025-11-25T14:13:15","slug":"dermanut","status":"publish","type":"product","link":"https:\/\/mondopet-phytoitalia.it\/fr\/prodotto\/dermanut\/","title":{"rendered":"Dermanut"},"content":{"rendered":"<p>Combien de fois voyons-nous la peau de notre animal de compagnie rougir \u2014 r\u00e9action allergique ? Intol\u00e9rance alimentaire ? R\u00e9action \u00e0 des piq\u00fbres d&rsquo;insectes ? Les causes sont multiples, mais il existe une solution naturelle \u00e0 ces d\u00e9mangeaisons qui poussent souvent l&rsquo;animal \u00e0 se gratter, aggravant ainsi la situation.<\/p>\n<p>Certaines plantes m\u00e9dicinales sont capables de contrer les r\u00e9actions allergiques, d&rsquo;am\u00e9liorer la tol\u00e9rance des aliments ing\u00e9r\u00e9s et de r\u00e9duire l&rsquo;inflammation et les d\u00e9mangeaisons cutan\u00e9es.<\/p>\n<p>Dermanut est la meilleure formule exclusivement naturelle capable de maintenir la peau et le pelage de nos compagnons \u00e0 quatre pattes en parfaite sant\u00e9, \u00e9vitant ainsi qu&rsquo;ils se grattent constamment et aggravent l&rsquo;inflammation existante.<\/p>\n<p>Dans les cas importants, il est conseill\u00e9 d&rsquo;associer son utilisation avec Allernut.<\/p>\n<p><strong>INDICATIONS D\u2019UTILISATION<\/strong><br \/>\nDERMANUT est un aliment compl\u00e9mentaire di\u00e9t\u00e9tique pour chiens et chats destin\u00e9 \u00e0 des objectifs nutritionnels particuliers, comme soutien de la fonction cutan\u00e9e en cas de dermatose et de perte excessive de poils.<br \/>\nDermanut est formul\u00e9 avec un taux \u00e9lev\u00e9 d\u2019acide linol\u00e9ique provenant de l\u2019huile de cassis et de l\u2019huile de lin, ainsi qu\u2019avec un apport combin\u00e9 en acide eicosapenta\u00e9no\u00efque (EPA) et acide docosahexa\u00e9no\u00efque (DHA) issus d\u2019huile de poisson et d\u2019huile de saumon.<br \/>\nLa teneur en vitamine E et en zinc contribue au maintien normal de la peau et de ses annexes.<br \/>\nL\u2019utilisation de la seringue multidoses permet une administration quotidienne facile.<\/p>\n<p><strong>MODE D\u2019EMPLOI ET RATION QUOTIDIENNE<\/strong><br \/>\nPoids de l\u2019animal \u2013 Dose quotidienne recommand\u00e9e<\/p>\n<p><strong>Chien<\/strong><br \/>\nJusqu\u2019\u00e0 10 kg : 1 ml<br \/>\n10\u201320 kg : 2,5 ml<br \/>\n20\u201330 kg : 5 ml<br \/>\nPlus de 30 kg : 7,5 ml<\/p>\n<p><strong>Chat<\/strong><br \/>\n1 ml<\/p>\n<p>Pr\u00e9lever la dose quotidienne recommand\u00e9e avec la seringue fournie et administrer directement dans la bouche de l\u2019animal ou m\u00e9langer \u00e0 un aliment appr\u00e9ci\u00e9. P\u00e9riode d\u2019utilisation recommand\u00e9e : initialement jusqu\u2019\u00e0 2 mois. Compl\u00e9ter la ration quotidienne avec l\u2019aliment habituel. Toujours laisser de l\u2019eau fra\u00eeche \u00e0 disposition. Il est recommand\u00e9 de demander l&rsquo;avis d\u2019un v\u00e9t\u00e9rinaire avant utilisation. Note : v\u00e9rifier la dose quotidienne correcte.<\/p>\n<p><strong>CONSTITUANTS ANALYTIQUES<\/strong><br \/>\nProt\u00e9ines brutes 0,188 % ; Fibres brutes 0,271 % ; Mati\u00e8res grasses brutes 98 % ; Cendres brutes 1,055 % ; Humidit\u00e9 0,1681 %.<\/p>\n<p><strong>AVERTISSEMENTS<\/strong><br \/>\nAgiter le flacon avant chaque utilisation. Laver soigneusement la seringue apr\u00e8s chaque usage. Conserver dans un endroit frais et sec, \u00e0 l\u2019abri des sources de chaleur. La date de p\u00e9remption se r\u00e9f\u00e8re au produit dans son emballage intact et correctement conserv\u00e9. Ne pas jeter le contenant dans l\u2019environnement apr\u00e8s usage. Garder hors de la vue et de la port\u00e9e des enfants.<\/p>\n<p><strong>COMPOSITION<\/strong><br \/>\nHuiles et graisses v\u00e9g\u00e9tales (huile de tournesol raffin\u00e9e), Huile de poisson (huile de saumon) 21 %, Huiles et graisses v\u00e9g\u00e9tales (huile de graines de cassis raffin\u00e9e \u2013 Ribes nigrum L. \u2013 16 %, huile de graines de lin raffin\u00e9e \u2013 Linum usitatissimum L. \u2013 8 %), Huile de poisson (18 % EPA \u2013 12 % DHA) 4 %, Huiles et graisses v\u00e9g\u00e9tales (huile de colza).<\/p>\n<p><strong>ADDITIFS<\/strong><br \/>\nAdditifs nutritionnels : Vitamines : 3a700 Vitamine E (ac\u00e9tate de tout-rac-alpha-tocoph\u00e9ryle) 34 782,6 mg\/kg; Oligo\u00e9l\u00e9ments : 3b607 Ch\u00e9late de zinc de glycine hydrat\u00e9 (solide) 4 347,8 mg\/kg (Zinc 1 139 mg\/kg)<br \/>\nAdditifs organoleptiques : Extrait de romarin (Rosmarinus officinalis L.) 5 978,2 mg\/kg<br \/>\nAdditifs technologiques : E551b Silice collo\u00efdale; 1b306(ii) Extraits riches en tocoph\u00e9rols d\u2019huiles v\u00e9g\u00e9tales<\/p>\n<p><strong>APPORTS PAR DOSE QUOTIDIENNE (1 ml)<\/strong><br \/>\nHuile de saumon 200 mg ; Huile de graines de cassis 147,2 mg ; Huile de graines de lin 73,6 mg ; Huile de poisson 36,8 mg ; Vitamine E 32 mg ; Zinc 1 mg.<\/p>\n<p>&nbsp;<\/p>\n","protected":false},"excerpt":{"rendered":"<p>La solution naturelle gagnante pour les probl\u00e8mes de peau et de pelage.<\/p>\n","protected":false},"featured_media":1214,"comment_status":"closed","ping_status":"closed","template":"","meta":{"_acf_changed":false},"product_brand":[],"product_cat":[50],"product_tag":[],"class_list":{"0":"post-1550","1":"product","2":"type-product","3":"status-publish","4":"has-post-thumbnail","6":"product_cat-nutrition-fr","8":"first","9":"instock","10":"shipping-taxable","11":"purchasable","12":"product-type-simple"},"acf":[],"_links":{"self":[{"href":"https:\/\/mondopet-phytoitalia.it\/fr\/wp-json\/wp\/v2\/product\/1550","targetHints":{"allow":["GET"]}}],"collection":[{"href":"https:\/\/mondopet-phytoitalia.it\/fr\/wp-json\/wp\/v2\/product"}],"about":[{"href":"https:\/\/mondopet-phytoitalia.it\/fr\/wp-json\/wp\/v2\/types\/product"}],"replies":[{"embeddable":true,"href":"https:\/\/mondopet-phytoitalia.it\/fr\/wp-json\/wp\/v2\/comments?post=1550"}],"wp:featuredmedia":[{"embeddable":true,"href":"https:\/\/mondopet-phytoitalia.it\/fr\/wp-json\/wp\/v2\/media\/1214"}],"wp:attachment":[{"href":"https:\/\/mondopet-phytoitalia.it\/fr\/wp-json\/wp\/v2\/media?parent=1550"}],"wp:term":[{"taxonomy":"product_brand","embeddable":true,"href":"https:\/\/mondopet-phytoitalia.it\/fr\/wp-json\/wp\/v2\/product_brand?post=1550"},{"taxonomy":"product_cat","embeddable":true,"href":"https:\/\/mondopet-phytoitalia.it\/fr\/wp-json\/wp\/v2\/product_cat?post=1550"},{"taxonomy":"product_tag","embeddable":true,"href":"https:\/\/mondopet-phytoitalia.it\/fr\/wp-json\/wp\/v2\/product_tag?post=1550"}],"curies":[{"name":"wp","href":"https:\/\/api.w.org\/{rel}","templated":true}]}}