{"id":1549,"date":"2025-02-20T23:31:54","date_gmt":"2025-02-20T23:31:54","guid":{"rendered":"https:\/\/mondopet.phytoitalia.it\/prodotto\/artinut\/"},"modified":"2025-11-25T14:26:14","modified_gmt":"2025-11-25T14:26:14","slug":"artinut","status":"publish","type":"product","link":"https:\/\/mondopet-phytoitalia.it\/fr\/prodotto\/artinut\/","title":{"rendered":"Artinut"},"content":{"rendered":"<p>Le vieillissement touche \u00e0 la fois les humains et les animaux de compagnie. Avec le temps, des probl\u00e8mes articulaires, des inflammations invalidantes, des formes arthrosiques et des ost\u00e9op\u00e9nies peuvent survenir.<\/p>\n<p>Ces probl\u00e8mes peuvent s&rsquo;accentuer en raison de la pr\u00e9disposition de certaines races, mais aussi des conditions de vie et de l&rsquo;environnement dans lesquels vit notre ami \u00e0 quatre pattes. Les os, les tendons et le tissu conjonctif ont besoin de silicium pour maintenir le collag\u00e8ne et l&rsquo;\u00e9lastine existants, ainsi que pour favoriser la fixation du calcium dans les os.<\/p>\n<p>Artinut contient le silicium le mieux assimilable, selon des \u00e9tudes scientifiques publi\u00e9es, ainsi qu&rsquo;un m\u00e9lange de plantes m\u00e9dicinales b\u00e9n\u00e9fiques pour la sant\u00e9 osseuse et cartilagineuse, aidant \u00e0 pr\u00e9venir les inflammations et les probl\u00e8mes structurels.<\/p>\n<p><strong>MODE D\u2019EMPLOI<\/strong><\/p>\n<p>ARTINUT est un aliment compl\u00e9mentaire pour chiens, formul\u00e9 en comprim\u00e9s app\u00e9tents avec Bambou, COLLASIL OSA\u00ae \u2013 un complexe de collag\u00e8ne et d\u2019acide silicique \u2013, Avocadoflex\u00ae \u2013 fraction insaponifiable d\u2019avocat et de soja \u2013, Vitamine D et extrait de Boswellia, afin de soutenir la fonction normale des structures articulaires. Ce produit convient aux animaux \u00e2g\u00e9s ou aux sujets soumis \u00e0 une activit\u00e9 physique intense.<\/p>\n<p><strong>DOSAGE ET RATION QUOTIDIENNE<\/strong><br \/>\nPoids de l\u2019animal | Quantit\u00e9 quotidienne recommand\u00e9e<br \/>\nJusqu\u2019\u00e0 10 kg : 1 comprim\u00e9<br \/>\n10\u201320 kg : 2 comprim\u00e9s<br \/>\n20\u201330 kg : 3 comprim\u00e9s<br \/>\n30\u201340 kg : 4 comprim\u00e9s<br \/>\nPlus de 40 kg : 5 comprim\u00e9s<\/p>\n<p>Administrer directement dans la bouche de l\u2019animal ou m\u00e9langer \u00e0 un aliment appr\u00e9ci\u00e9. Compl\u00e9ter la ration quotidienne avec l\u2019aliment habituel. Toujours laisser de l\u2019eau fra\u00eeche \u00e0 disposition.<\/p>\n<p><strong>CONTENU (Par 1 comprim\u00e9 de 1000 mg)<\/strong><br \/>\nPoudre de manne de bambou : 160 mg; COLLASIL OSA\u00ae \u2013 complexe de collag\u00e8ne et d\u2019acide silicique : 100 mg; dont Collag\u00e8ne 90 mg, Acide silicique 5 mg; Avocadoflex\u00ae \u2013 fraction insaponifiable d\u2019avocat et de soja : 40 mg; Vitamine D : 16 UI; Avocadoflex\u00ae est une marque d\u00e9pos\u00e9e de Pharmenschnitt GmbH; COLLASIL\u00ae OSA est une marque d\u00e9pos\u00e9e d\u2019Exsymol<\/p>\n<p><strong>AVERTISSEMENTS<\/strong><br \/>\nConserver dans un endroit frais et sec, \u00e0 l\u2019abri des sources de chaleur. La date de p\u00e9remption se r\u00e9f\u00e8re au produit non ouvert et correctement conserv\u00e9. Ne pas jeter le contenant dans l\u2019environnement apr\u00e8s usage. Garder hors de la vue et de la port\u00e9e des enfants.<\/p>\n<p><strong>COMPOSITION<\/strong><br \/>\nProduits d\u00e9riv\u00e9s de la transformation de v\u00e9g\u00e9taux : Bambou (Bambusa arundinacea (Retz.) Willd. \u2013 poudre de manne) 16 %; Levures inactiv\u00e9es (levure de bi\u00e8re); Collag\u00e8ne (origine marine) 9 %; Pyrophosphate de sodium; Huiles et graisses v\u00e9g\u00e9tales (fraction insaponifiable d\u2019avocat \u2013 Persea gratissima \u2013 fruit ; fraction insaponifiable de soja \u2013 Glycine max \u2013 graine) 4 %; St\u00e9arate de magn\u00e9sium; Mono-, di- et triglyc\u00e9rides d\u2019acides gras (glyc\u00e9ryl beh\u00e9nate); Chlorure de sodium; Farine de prot\u00e9ines de lupin; Huiles et graisses v\u00e9g\u00e9tales (huile de tournesol); Saccharose; Amidon de ma\u00efs; Acides gras est\u00e9rifi\u00e9s avec le glyc\u00e9rol (acide caprique, acide caprylique)<\/p>\n<p><strong>ADDITIFS<\/strong><br \/>\nAdditifs nutritionnels \u2013 Vitamines : 3a671 Vitamine D : 160 000 UI\/kg<br \/>\nAdditifs organoleptiques \u2013 Produits naturels botaniquement d\u00e9finis : 2b2816-ex Extrait de Boswellia (Boswellia serrata Roxb. ex Colebr.) : 40 000 mg\/kg<br \/>\nAdditifs technologiques : E460 Cellulose microcristalline; E551b Silice collo\u00efdale; E551a Acide silicique, pr\u00e9cipit\u00e9 et s\u00e9ch\u00e9 : 5 000 mg\/kg; E414 Gomme d\u2019acacia (gomme arabique); 1b307 Alpha-tocoph\u00e9rol<\/p>\n<p><strong>CONSTITUANTS ANALYTIQUES<\/strong><br \/>\nProt\u00e9ines brutes : 15,75 %; Fibres brutes : 34,18 %; Mati\u00e8res grasses brutes : 7,8 %; Cendres brutes : 21,6 %; Humidit\u00e9 : 3,55 %<\/p>\n","protected":false},"excerpt":{"rendered":"<p>L&rsquo;armure naturelle pour d\u00e9fendre les articulations.<\/p>\n","protected":false},"featured_media":1208,"comment_status":"closed","ping_status":"closed","template":"","meta":{"_acf_changed":false},"product_brand":[],"product_cat":[50],"product_tag":[],"class_list":{"0":"post-1549","1":"product","2":"type-product","3":"status-publish","4":"has-post-thumbnail","6":"product_cat-nutrition-fr","8":"first","9":"instock","10":"shipping-taxable","11":"purchasable","12":"product-type-simple"},"acf":[],"_links":{"self":[{"href":"https:\/\/mondopet-phytoitalia.it\/fr\/wp-json\/wp\/v2\/product\/1549","targetHints":{"allow":["GET"]}}],"collection":[{"href":"https:\/\/mondopet-phytoitalia.it\/fr\/wp-json\/wp\/v2\/product"}],"about":[{"href":"https:\/\/mondopet-phytoitalia.it\/fr\/wp-json\/wp\/v2\/types\/product"}],"replies":[{"embeddable":true,"href":"https:\/\/mondopet-phytoitalia.it\/fr\/wp-json\/wp\/v2\/comments?post=1549"}],"wp:featuredmedia":[{"embeddable":true,"href":"https:\/\/mondopet-phytoitalia.it\/fr\/wp-json\/wp\/v2\/media\/1208"}],"wp:attachment":[{"href":"https:\/\/mondopet-phytoitalia.it\/fr\/wp-json\/wp\/v2\/media?parent=1549"}],"wp:term":[{"taxonomy":"product_brand","embeddable":true,"href":"https:\/\/mondopet-phytoitalia.it\/fr\/wp-json\/wp\/v2\/product_brand?post=1549"},{"taxonomy":"product_cat","embeddable":true,"href":"https:\/\/mondopet-phytoitalia.it\/fr\/wp-json\/wp\/v2\/product_cat?post=1549"},{"taxonomy":"product_tag","embeddable":true,"href":"https:\/\/mondopet-phytoitalia.it\/fr\/wp-json\/wp\/v2\/product_tag?post=1549"}],"curies":[{"name":"wp","href":"https:\/\/api.w.org\/{rel}","templated":true}]}}