{"id":1548,"date":"2025-02-20T23:31:04","date_gmt":"2025-02-20T23:31:04","guid":{"rendered":"https:\/\/mondopet.phytoitalia.it\/prodotto\/gastronut\/"},"modified":"2025-11-25T14:30:53","modified_gmt":"2025-11-25T14:30:53","slug":"gastronut","status":"publish","type":"product","link":"https:\/\/mondopet-phytoitalia.it\/fr\/prodotto\/gastronut\/","title":{"rendered":"Gastronut"},"content":{"rendered":"<p>La naus\u00e9e, les vomissements et la perte d&rsquo;app\u00e9tit peuvent \u00eatre des signes d&rsquo;un probl\u00e8me gastro-intestinal. Les troubles digestifs ne sont pas uniquement caus\u00e9s par l&rsquo;alimentation, mais par de multiples facteurs qui entra\u00eenent souvent des inflammations digestives, des probl\u00e8mes de malabsorption des nutriments et des perturbations du microbiote intestinal, pouvant \u00e9galement se manifester par des diarrh\u00e9es ou des selles mal form\u00e9es.<\/p>\n<p>Le Mastic de Chios est la plante m\u00e9dicinale la plus utilis\u00e9e pour faire face aux probl\u00e8mes gastro-intestinaux, et l&rsquo;EMA (Agence europ\u00e9enne des m\u00e9dicaments) reconna\u00eet son efficacit\u00e9, selon des \u00e9tudes cliniques et non cliniques, pour tous les probl\u00e8mes de reflux et d&rsquo;inflammation du tractus gastro-intestinal.<\/p>\n<p>Gastronut ne contient pas seulement du Mastic, mais \u00e9galement d&rsquo;autres plantes m\u00e9dicinales et des probiotiques capables de garantir la bonne sant\u00e9 du syst\u00e8me digestif et de r\u00e9tablir une digestion normale.<\/p>\n<p><strong>CARACT\u00c9RISTIQUES ET INDICATIONS<\/strong><\/p>\n<p>GASTRONUT est un aliment compl\u00e9mentaire di\u00e9t\u00e9tique pour chiens et chats, destin\u00e9 \u00e0 des objectifs nutritionnels particuliers comme soutien \u00e0 la stabilisation de la digestion physiologique.<br \/>\nSa formulation en comprim\u00e9s app\u00e9tents \u00e0 base de Fenouil, Mastic de Chios et stabilisateur de la flore intestinale \u2013 Enterococcus faecium \u2013 est utile en cas de risque de troubles digestifs, pendant les p\u00e9riodes o\u00f9 ces troubles sont pr\u00e9sents ou durant les phases de convalescence.<\/p>\n<p><strong>MODE D\u2019EMPLOI ET RATION QUOTIDIENNE<\/strong><br \/>\nAdministrer directement dans la bouche de l\u2019animal ou m\u00e9langer \u00e0 un aliment appr\u00e9ci\u00e9. Compl\u00e9ter la ration quotidienne avec l\u2019aliment habituel. Toujours laisser de l\u2019eau fra\u00eeche \u00e0 disposition.<\/p>\n<p><strong>Chien<\/strong><br \/>\nJusqu\u2019\u00e0 10 kg : 1 comprim\u00e9<br \/>\nDe 10 \u00e0 20 kg : 2 comprim\u00e9s<br \/>\nDe 20 \u00e0 30 kg : 3 comprim\u00e9s<br \/>\nDe 30 \u00e0 40 kg : 4 comprim\u00e9s<br \/>\nPlus de 40 kg : 5 comprim\u00e9s<\/p>\n<p><strong>Chat<\/strong><br \/>\nJusqu\u2019\u00e0 5 kg : \u00bd comprim\u00e9<br \/>\nPlus de 5 kg : 1 comprim\u00e9<\/p>\n<p><strong>AVERTISSEMENTS<\/strong><br \/>\nConserver dans un endroit frais et sec, \u00e0 l\u2019abri des sources de chaleur. La date de p\u00e9remption se r\u00e9f\u00e8re au produit dans son emballage intact et correctement conserv\u00e9. Ne pas jeter le contenant dans l\u2019environnement apr\u00e8s usage. Garder hors de la vue et de la port\u00e9e des enfants.<\/p>\n<p><strong>CONTENUS (Par 1 comprim\u00e9 de 1000 mg)<\/strong><br \/>\nFenouil (Foeniculum vulgare Mill.) fruit en poudre : 60 mg; Mastic de Chios (Pistacia lentiscus L.) r\u00e9sine en poudre : 40 mg; Lactobacillus helveticus HA-122 : 1,5 \u00d7 10\u2079 corps microbiens inactiv\u00e9s<\/p>\n<p><strong>COMPOSITION<\/strong><br \/>\nLevures inactiv\u00e9es (levure de bi\u00e8re) ; Pyrophosphate de sodium ; Produits d\u00e9riv\u00e9s de v\u00e9g\u00e9taux (Fenouil \u2013 Foeniculum vulgare Mill. fruit en poudre 6 %, Mastic de Chios \u2013 Pistacia lentiscus L. r\u00e9sine en poudre 4 %) ; St\u00e9arate de magn\u00e9sium ; Mono-, di- et triglyc\u00e9rides d\u2019acides gras (glyc\u00e9ryl beh\u00e9nate) ; Huiles et graisses v\u00e9g\u00e9tales (huile de germe de bl\u00e9) ; Farine de graines de lin ; Chlorure de sodium ; Farine de prot\u00e9ines de lupin ; Maltodextrine ; Bact\u00e9ries inactiv\u00e9es et leurs fragments (Lactobacillus helveticus HA-122) 0,39 % ; Huiles et graisses v\u00e9g\u00e9tales (huile de tournesol) ; Lactose.<\/p>\n<p><strong>ADDITIFS<\/strong><br \/>\nAdditifs zootechniques \u2013 Stabilisateurs de la flore intestinale : 4b1707 Enterococcus faecium DSM 10683 NCIMB 10415 \u2013 3,5 \u00d7 10\u00b9\u2070 UFC\/kg<br \/>\nAdditifs technologiques :E460 Cellulose microcristalline; E551a Acide silicique, pr\u00e9cipit\u00e9 et s\u00e9ch\u00e9<\/p>\n<p><strong>CONSTITUANTS ANALYTIQUES<\/strong><br \/>\nProt\u00e9ines brutes : 15,11 %; Fibres brutes : 32,80 %; Mati\u00e8res grasses brutes : 10,3 %; Cendres brutes : 10,45 %; Humidit\u00e9 : 4,08 %<\/p>\n<p>&nbsp;<\/p>\n","protected":false},"excerpt":{"rendered":"<p>L&rsquo;alli\u00e9 de la bonne digestion et de la sant\u00e9 intestinale.<\/p>\n","protected":false},"featured_media":1220,"comment_status":"closed","ping_status":"closed","template":"","meta":{"_acf_changed":false},"product_brand":[],"product_cat":[50],"product_tag":[],"class_list":{"0":"post-1548","1":"product","2":"type-product","3":"status-publish","4":"has-post-thumbnail","6":"product_cat-nutrition-fr","8":"first","9":"instock","10":"shipping-taxable","11":"purchasable","12":"product-type-simple"},"acf":[],"_links":{"self":[{"href":"https:\/\/mondopet-phytoitalia.it\/fr\/wp-json\/wp\/v2\/product\/1548","targetHints":{"allow":["GET"]}}],"collection":[{"href":"https:\/\/mondopet-phytoitalia.it\/fr\/wp-json\/wp\/v2\/product"}],"about":[{"href":"https:\/\/mondopet-phytoitalia.it\/fr\/wp-json\/wp\/v2\/types\/product"}],"replies":[{"embeddable":true,"href":"https:\/\/mondopet-phytoitalia.it\/fr\/wp-json\/wp\/v2\/comments?post=1548"}],"wp:featuredmedia":[{"embeddable":true,"href":"https:\/\/mondopet-phytoitalia.it\/fr\/wp-json\/wp\/v2\/media\/1220"}],"wp:attachment":[{"href":"https:\/\/mondopet-phytoitalia.it\/fr\/wp-json\/wp\/v2\/media?parent=1548"}],"wp:term":[{"taxonomy":"product_brand","embeddable":true,"href":"https:\/\/mondopet-phytoitalia.it\/fr\/wp-json\/wp\/v2\/product_brand?post=1548"},{"taxonomy":"product_cat","embeddable":true,"href":"https:\/\/mondopet-phytoitalia.it\/fr\/wp-json\/wp\/v2\/product_cat?post=1548"},{"taxonomy":"product_tag","embeddable":true,"href":"https:\/\/mondopet-phytoitalia.it\/fr\/wp-json\/wp\/v2\/product_tag?post=1548"}],"curies":[{"name":"wp","href":"https:\/\/api.w.org\/{rel}","templated":true}]}}