{"id":1547,"date":"2025-02-20T23:30:25","date_gmt":"2025-02-20T23:30:25","guid":{"rendered":"https:\/\/mondopet.phytoitalia.it\/prodotto\/urinut\/"},"modified":"2025-11-25T14:55:19","modified_gmt":"2025-11-25T14:55:19","slug":"urinut","status":"publish","type":"product","link":"https:\/\/mondopet-phytoitalia.it\/fr\/prodotto\/urinut\/","title":{"rendered":"Urinut"},"content":{"rendered":"<p>Les animaux de compagnie souffrent assez fr\u00e9quemment de probl\u00e8mes urinaires dus \u00e0 la formation de calculs ou \u00e0 des infections bact\u00e9riennes.<\/p>\n<p>Les plantes m\u00e9dicinales sont tr\u00e8s efficaces pour pr\u00e9venir la formation de calculs et maintenir un \u00e9quilibre bact\u00e9rien qui ne favorise pas les infections. Urinut contient les meilleures plantes m\u00e9dicinales pour la sant\u00e9 du syst\u00e8me urinaire, \u00e9vitant la prolif\u00e9ration bact\u00e9rienne et la formation de calculs qui pourraient compromettre son bon fonctionnement.<\/p>\n<p><strong>INDICATIONS D\u2019UTILISATION<\/strong><\/p>\n<p>URINUT est un aliment compl\u00e9mentaire pour chiens et chats, formul\u00e9 en comprim\u00e9s app\u00e9tents avec Phyllanthus, Hibiscus, Orthosiphon, Bruy\u00e8re et Tilleul, afin de favoriser la fonction r\u00e9nale normale.<br \/>\nSa formulation d\u00e9pourvue de composants d\u2019origine animale convient aux sujets intol\u00e9rants ou soumis \u00e0 un r\u00e9gime alimentaire contr\u00f4l\u00e9 (r\u00e9gimes d\u2019exclusion).<\/p>\n<p><strong>MODE D\u2019EMPLOI ET RATION QUOTIDIENNE<\/strong><br \/>\nAdministrer directement dans la bouche de l\u2019animal ou m\u00e9langer \u00e0 un aliment appr\u00e9ci\u00e9. Compl\u00e9ter la ration quotidienne avec l\u2019aliment habituel. Toujours laisser de l\u2019eau fra\u00eeche \u00e0 disposition.<\/p>\n<p><strong>Chien<\/strong><br \/>\nJusqu\u2019\u00e0 10 kg : 1 comprim\u00e9<br \/>\n10\u201320 kg : 2 comprim\u00e9s<br \/>\n20\u201330 kg : 3 comprim\u00e9s<br \/>\n30\u201340 kg : 4 comprim\u00e9s<br \/>\nPlus de 40 kg : 5 comprim\u00e9s<\/p>\n<p><strong>Chat<\/strong><br \/>\nJusqu\u2019\u00e0 5 kg : \u00bd comprim\u00e9<br \/>\nPlus de 5 kg : 1 comprim\u00e9<\/p>\n<p><strong>AVERTISSEMENTS<\/strong><br \/>\nConserver dans un endroit frais et sec, \u00e0 l\u2019abri des sources de chaleur. La date de p\u00e9remption se r\u00e9f\u00e8re au produit dans son emballage intact et correctement conserv\u00e9. Ne pas jeter le contenant dans l\u2019environnement apr\u00e8s utilisation. Garder hors de la vue et de la port\u00e9e des enfants.<\/p>\n<p><strong>CONTENUS (Par comprim\u00e9 de 1000 mg)<\/strong><br \/>\nPhyllanthus (Phyllanthus niruri L.) feuilles en poudre : 160 mg; Hibiscus (Hibiscus sabdariffa L.) fleurs en poudre : 160 mg; Orthosiphon (Orthosiphon stamineus Benth.) feuilles en poudre : 40 mg; Bruy\u00e8re (Calluna vulgaris (L.) Hull) sommit\u00e9s fleuries en poudre : 40 mg; Tilleul (Tilia platyphyllos Scop.) aubier en poudre : 40 mg<\/p>\n<p><strong>COMPOSITION<\/strong><br \/>\nProduits issus de la transformation d\u2019herbes (Phyllanthus \u2013 Phyllanthus niruri L. feuilles en poudre 16 %, Hibiscus \u2013 Hibiscus sabdariffa L. fleurs en poudre 16 %); Levures inactiv\u00e9es (levure de bi\u00e8re) ; Pyrophosphate de sodium ; Produits issus de la transformation d\u2019herbes (Orthosiphon \u2013 Orthosiphon stamineus Benth. feuilles en poudre 4 %, Bruy\u00e8re \u2013 Calluna vulgaris (L.) Hull sommit\u00e9s fleuries en poudre 4 %, Tilleul \u2013 Tilia platyphyllos Scop. aubier en poudre 4 %) ; St\u00e9arate de magn\u00e9sium ; Mono-, di- et triglyc\u00e9rides d\u2019acides gras (glyc\u00e9ryl beh\u00e9nate) ; Chlorure de sodium ; Farine de prot\u00e9ines de lupin ; Huiles et graisses v\u00e9g\u00e9tales (huile de tournesol).<\/p>\n<p><strong>ADDITIFS<\/strong><br \/>\nAdditifs technologiques : E460 Cellulose microcristalline; E551a Acide silicique, pr\u00e9cipit\u00e9 et s\u00e9ch\u00e9<\/p>\n<p><strong>CONSTITUANTS ANALYTIQUES<\/strong><br \/>\nProt\u00e9ines brutes : 6,83 %; Fibres brutes : 30,36 %; Mati\u00e8res grasses brutes : 6,0 %; Cendres brutes : 8,94 %; Humidit\u00e9 : 4,15 %<\/p>\n","protected":false},"excerpt":{"rendered":"<p>Pour une bonne fonction r\u00e9nale.<\/p>\n","protected":false},"featured_media":1205,"comment_status":"closed","ping_status":"closed","template":"","meta":{"_acf_changed":false},"product_brand":[],"product_cat":[50],"product_tag":[],"class_list":{"0":"post-1547","1":"product","2":"type-product","3":"status-publish","4":"has-post-thumbnail","6":"product_cat-nutrition-fr","8":"first","9":"instock","10":"shipping-taxable","11":"purchasable","12":"product-type-simple"},"acf":[],"_links":{"self":[{"href":"https:\/\/mondopet-phytoitalia.it\/fr\/wp-json\/wp\/v2\/product\/1547","targetHints":{"allow":["GET"]}}],"collection":[{"href":"https:\/\/mondopet-phytoitalia.it\/fr\/wp-json\/wp\/v2\/product"}],"about":[{"href":"https:\/\/mondopet-phytoitalia.it\/fr\/wp-json\/wp\/v2\/types\/product"}],"replies":[{"embeddable":true,"href":"https:\/\/mondopet-phytoitalia.it\/fr\/wp-json\/wp\/v2\/comments?post=1547"}],"wp:featuredmedia":[{"embeddable":true,"href":"https:\/\/mondopet-phytoitalia.it\/fr\/wp-json\/wp\/v2\/media\/1205"}],"wp:attachment":[{"href":"https:\/\/mondopet-phytoitalia.it\/fr\/wp-json\/wp\/v2\/media?parent=1547"}],"wp:term":[{"taxonomy":"product_brand","embeddable":true,"href":"https:\/\/mondopet-phytoitalia.it\/fr\/wp-json\/wp\/v2\/product_brand?post=1547"},{"taxonomy":"product_cat","embeddable":true,"href":"https:\/\/mondopet-phytoitalia.it\/fr\/wp-json\/wp\/v2\/product_cat?post=1547"},{"taxonomy":"product_tag","embeddable":true,"href":"https:\/\/mondopet-phytoitalia.it\/fr\/wp-json\/wp\/v2\/product_tag?post=1547"}],"curies":[{"name":"wp","href":"https:\/\/api.w.org\/{rel}","templated":true}]}}