{"id":1546,"date":"2025-02-20T23:29:50","date_gmt":"2025-02-20T23:29:50","guid":{"rendered":"https:\/\/mondopet.phytoitalia.it\/prodotto\/hepanut\/"},"modified":"2025-11-25T14:34:10","modified_gmt":"2025-11-25T14:34:10","slug":"hepanut","status":"publish","type":"product","link":"https:\/\/mondopet-phytoitalia.it\/fr\/prodotto\/hepanut\/","title":{"rendered":"Hepanut"},"content":{"rendered":"<p>Une alimentation inad\u00e9quate, un trouble m\u00e9tabolique, une fatigue chronique, une perte d&rsquo;app\u00e9tit, des naus\u00e9es et des vomissements sont souvent \u00e0 la fois la cause et le sympt\u00f4me d&rsquo;un foie fatigu\u00e9 et enflamm\u00e9.<\/p>\n<p>Les plantes m\u00e9dicinales et les composants nutraceutiques inclus, contrairement \u00e0 ceux traditionnellement utilis\u00e9s dans d&rsquo;autres aliments compl\u00e9mentaires qui \u00ab\u00a0stimulent\u00a0\u00bb la fonction h\u00e9patique \u2014 et comme nous le savons, il n&rsquo;est pas conseill\u00e9 de stimuler un organe enflamm\u00e9 \u2014 ont pour but de contrer l&rsquo;inflammation h\u00e9patique et de r\u00e9tablir le bon fonctionnement du foie. Cela comprend \u00e9galement sa capacit\u00e9 de d\u00e9toxification, ainsi que de nombreuses autres fonctions (production de cholest\u00e9rol, r\u00e9gulation de l&rsquo;hom\u00e9ostasie du fer, transformations hormonales, etc.).<\/p>\n<p><strong>CARACT\u00c9RISTIQUES ET INDICATIONS<\/strong><\/p>\n<p>HEPANUT est un aliment compl\u00e9mentaire pour chiens et chats, formul\u00e9 en comprim\u00e9s app\u00e9tents avec une teneur \u00e9lev\u00e9e en Desmodium, ainsi qu\u2019en algues Lithothamnium, vitamines du groupe B et Biotine, afin de favoriser le bien-\u00eatre normal du foie.<\/p>\n<p>La formulation, d\u00e9pourvue de composants d\u2019origine animale, convient aux sujets intol\u00e9rants ou soumis \u00e0 un r\u00e9gime alimentaire contr\u00f4l\u00e9 (r\u00e9gimes d\u2019exclusion).<\/p>\n<p><strong>MODE D\u2019EMPLOI ET RATION QUOTIDIENNE<\/strong><br \/>\nAdministrer directement dans la bouche de l\u2019animal ou m\u00e9langer \u00e0 un aliment appr\u00e9ci\u00e9. Compl\u00e9ter la ration quotidienne avec l\u2019aliment habituel. Toujours laisser de l\u2019eau fra\u00eeche \u00e0 disposition. Voici la dose quotidienne recommand\u00e9e :<\/p>\n<p><strong>Chien<\/strong><br \/>\nJusqu\u2019\u00e0 10 kg : 1 comprim\u00e9<br \/>\nDe 10 \u00e0 20 kg : 2 comprim\u00e9s<br \/>\nDe 20 \u00e0 30 kg : 3 comprim\u00e9s<br \/>\nDe 30 \u00e0 40 kg : 4 comprim\u00e9s<br \/>\nPlus de 40 kg : 5 comprim\u00e9s<\/p>\n<p><strong>Chat<\/strong><br \/>\nJusqu\u2019\u00e0 5 kg : \u00bd comprim\u00e9<br \/>\nPlus de 5 kg : 1 comprim\u00e9<\/p>\n<p><strong>AVERTISSEMENTS<\/strong><br \/>\nConserver dans un endroit frais et sec, \u00e0 l\u2019abri des sources de chaleur. La date de p\u00e9remption se r\u00e9f\u00e8re au produit dans son emballage intact et correctement conserv\u00e9. Ne pas jeter le contenant dans l\u2019environnement apr\u00e8s usage. Garder hors de la vue et de la port\u00e9e des enfants.<\/p>\n<p><strong>CONTENUS (Par 1 comprim\u00e9 de 1000 mg)<\/strong><br \/>\nDesmodium (Desmodium adscendens (Sw.) DC.) feuilles en poudre : 300 mg; Lithothamnium calcareum : 100 mg; Niacinamide : 18 mg; Vitamine B1 (Chlorhydrate de thiamine) : 8 mg; Vitamine B2 (Riboflavine) : 8 mg; Vitamine B5 (Calcium-D-pantoth\u00e9nate) : 4,5 mg; Vitamine B6 (Chlorhydrate de pyridoxine) : 2,5 mg; Acide folique : 100 \u03bcg; Biotine : 25 \u03bcg; Vitamine B12 (Cyanocobalamine) : 2,5 \u03bcg<\/p>\n<p><strong>COMPOSITION<\/strong><br \/>\nProduits issus de la transformation de plantes (Desmodium \u2013 Desmodium adscendens (Sw.) DC. feuilles en poudre) 30 % ; Algues s\u00e9ch\u00e9es (Lithothamnium calcareum poudre) 10 % ; Levures inactiv\u00e9es (levure de bi\u00e8re) ; Pyrophosphate de sodium ; St\u00e9arate de magn\u00e9sium ; Mono-, di- et triglyc\u00e9rides d\u2019acides gras (glyc\u00e9ryl beh\u00e9nate) ; Chlorure de sodium ; Farine de prot\u00e9ines de lupin ; Huiles et graisses v\u00e9g\u00e9tales (huile de tournesol) ; Amidon de ma\u00efs.<\/p>\n<p><strong>ADDITIFS<\/strong><br \/>\nAdditifs nutritionnels \u2013 Vitamines : 3a315 Niacinamide : 18 000 mg\/kg; 3a820 Vitamine B1 (Chlorhydrate de thiamine) : 8 000 mg\/kg; 3a825i Vitamine B2 (Riboflavine) : 8 000 mg\/kg; 3a841 Calcium-D-pantoth\u00e9nate : 4 500 mg\/kg; 3a831 Vitamine B6 (Chlorhydrate de pyridoxine) : 2 500 mg\/kg; 3a316 Acide folique : 100 mg\/kg; 3a880 Biotine : 25 mg\/kg; 3a385 Vitamine B12 : 2,5 mg\/kg<br \/>\nAdditifs technologiques : E460 Cellulose microcristalline<\/p>\n<p><strong>CONSTITUANTS ANALYTIQUES<\/strong><br \/>\nProt\u00e9ines brutes : 14,83 %; Fibres brutes : 32,50 %; Mati\u00e8res grasses brutes : 6,8 %; Cendres brutes : 18,9 %; Humidit\u00e9 : 3,18 %<\/p>\n","protected":false},"excerpt":{"rendered":"<p>L&rsquo;ami du foie et de ses multiples fonctions.<\/p>\n","protected":false},"featured_media":1217,"comment_status":"closed","ping_status":"closed","template":"","meta":{"_acf_changed":false},"product_brand":[],"product_cat":[50],"product_tag":[],"class_list":{"0":"post-1546","1":"product","2":"type-product","3":"status-publish","4":"has-post-thumbnail","6":"product_cat-nutrition-fr","8":"first","9":"instock","10":"shipping-taxable","11":"purchasable","12":"product-type-simple"},"acf":[],"_links":{"self":[{"href":"https:\/\/mondopet-phytoitalia.it\/fr\/wp-json\/wp\/v2\/product\/1546","targetHints":{"allow":["GET"]}}],"collection":[{"href":"https:\/\/mondopet-phytoitalia.it\/fr\/wp-json\/wp\/v2\/product"}],"about":[{"href":"https:\/\/mondopet-phytoitalia.it\/fr\/wp-json\/wp\/v2\/types\/product"}],"replies":[{"embeddable":true,"href":"https:\/\/mondopet-phytoitalia.it\/fr\/wp-json\/wp\/v2\/comments?post=1546"}],"wp:featuredmedia":[{"embeddable":true,"href":"https:\/\/mondopet-phytoitalia.it\/fr\/wp-json\/wp\/v2\/media\/1217"}],"wp:attachment":[{"href":"https:\/\/mondopet-phytoitalia.it\/fr\/wp-json\/wp\/v2\/media?parent=1546"}],"wp:term":[{"taxonomy":"product_brand","embeddable":true,"href":"https:\/\/mondopet-phytoitalia.it\/fr\/wp-json\/wp\/v2\/product_brand?post=1546"},{"taxonomy":"product_cat","embeddable":true,"href":"https:\/\/mondopet-phytoitalia.it\/fr\/wp-json\/wp\/v2\/product_cat?post=1546"},{"taxonomy":"product_tag","embeddable":true,"href":"https:\/\/mondopet-phytoitalia.it\/fr\/wp-json\/wp\/v2\/product_tag?post=1546"}],"curies":[{"name":"wp","href":"https:\/\/api.w.org\/{rel}","templated":true}]}}