{"id":1722,"date":"2025-04-01T11:22:14","date_gmt":"2025-04-01T11:22:14","guid":{"rendered":"https:\/\/mondopet.phytoitalia.it\/politique-de-retour\/"},"modified":"2025-04-01T11:35:50","modified_gmt":"2025-04-01T11:35:50","slug":"politique-de-retour","status":"publish","type":"page","link":"https:\/\/mondopet-phytoitalia.it\/fr\/politique-de-retour\/","title":{"rendered":"Politique de Retour"},"content":{"rendered":"\t\t<div data-elementor-type=\"wp-page\" data-elementor-id=\"1722\" class=\"elementor elementor-1722 elementor-1711\" data-elementor-post-type=\"page\">\n\t\t\t\t<div class=\"elementor-element elementor-element-03a320f e-con-full e-flex e-con e-parent\" data-id=\"03a320f\" data-element_type=\"container\" data-e-type=\"container\" data-settings=\"{&quot;background_background&quot;:&quot;classic&quot;}\">\n\t\t<div class=\"elementor-element elementor-element-47a5071 e-flex e-con-boxed e-con e-child\" data-id=\"47a5071\" data-element_type=\"container\" data-e-type=\"container\">\n\t\t\t\t\t<div class=\"e-con-inner\">\n\t\t<div class=\"elementor-element elementor-element-dd6fc13 e-con-full e-flex e-con e-child\" data-id=\"dd6fc13\" data-element_type=\"container\" data-e-type=\"container\">\n\t\t\t\t<div class=\"elementor-element elementor-element-870064f title-underline elementor-widget elementor-widget-heading\" data-id=\"870064f\" data-element_type=\"widget\" data-e-type=\"widget\" data-widget_type=\"heading.default\">\n\t\t\t\t<div class=\"elementor-widget-container\">\n\t\t\t\t\t<h1 class=\"elementor-heading-title elementor-size-default\">Politique de Retour<\/h1>\t\t\t\t<\/div>\n\t\t\t\t<\/div>\n\t\t\t\t<\/div>\n\t\t\t\t\t<\/div>\n\t\t\t\t<\/div>\n\t\t\t\t<\/div>\n\t\t<div class=\"elementor-element elementor-element-96c3740 e-flex e-con-boxed e-con e-parent\" data-id=\"96c3740\" data-element_type=\"container\" data-e-type=\"container\">\n\t\t\t\t\t<div class=\"e-con-inner\">\n\t\t\t\t<div class=\"elementor-element elementor-element-afb0bdc elementor-widget elementor-widget-spacer\" data-id=\"afb0bdc\" data-element_type=\"widget\" data-e-type=\"widget\" data-widget_type=\"spacer.default\">\n\t\t\t\t<div class=\"elementor-widget-container\">\n\t\t\t\t\t\t\t<div class=\"elementor-spacer\">\n\t\t\t<div class=\"elementor-spacer-inner\"><\/div>\n\t\t<\/div>\n\t\t\t\t\t\t<\/div>\n\t\t\t\t<\/div>\n\t\t\t\t<div class=\"elementor-element elementor-element-a67ac98 elementor-widget elementor-widget-text-editor\" data-id=\"a67ac98\" data-element_type=\"widget\" data-e-type=\"widget\" data-widget_type=\"text-editor.default\">\n\t\t\t\t<div class=\"elementor-widget-container\">\n\t\t\t\t\t\t\t\t\t<p><strong>Mondo Pet est un projet et une marque de PhytoItalia S.r.l.<\/strong><\/p><p>Le Droit de R\u00e9tractation consiste en la possibilit\u00e9 pour le consommateur de se r\u00e9tracter, dans un d\u00e9lai de quatorze (14) jours ouvrables, de tout achat \u00e0 distance et de recevoir le remboursement total des frais engag\u00e9s, sans aucune p\u00e9nalit\u00e9, comme pr\u00e9vu par le D\u00e9cret L\u00e9gislatif 185 du 22\/05\/99, qui inclut \u00e9galement les achats effectu\u00e9s via Internet.<\/p><p>Les seuls frais non remboursables seront les frais d\u2019exp\u00e9dition, qui restent exclus des dispositions du D\u00e9cret L\u00e9gislatif 185\/99.<\/p><p>Le Client a le droit de se r\u00e9tracter du contrat d&rsquo;achat pour quelque raison que ce soit, sans avoir \u00e0 fournir d&rsquo;explications et sans aucune p\u00e9nalit\u00e9, sauf dans les cas d&rsquo;exclusion pr\u00e9vus ci-dessous. Pour exercer ce droit, le Client doit envoyer une communication \u00e0 PhytoItalia S.r.l. dans les 14 jours suivant la date de r\u00e9ception des produits. <\/p><p> <\/p><p>Apr\u00e8s avoir effectu\u00e9 un achat, si l\u2019on souhaite exercer le droit de r\u00e9tractation, il est n\u00e9cessaire de proc\u00e9der comme suit :<\/p><p><strong>Dans les 14 jours<\/strong> suivant la r\u00e9ception de la marchandise, envoyer une lettre recommand\u00e9e avec accus\u00e9 de r\u00e9ception \u00e0 :<\/p><p><strong>Phytoitalia Srl<\/strong><br><strong>via Gran Sasso 37<\/strong><br><strong>20011 &#8211; Corbetta (MI)<\/strong><\/p><p>Anticiper la communication par e-mail \u00e0 info@phytoitalia.it<\/p><p><strong>Apr\u00e8s avoir v\u00e9rifi\u00e9 l\u2019int\u00e9grit\u00e9 de tous les composants du produit et des \u00e9l\u00e9ments accompagnateurs<\/strong>, PhytoItalia proc\u00e9dera au remboursement du montant pay\u00e9, \u00c0 L\u2019EXCEPTION des frais d&rsquo;exp\u00e9dition. Le remboursement aura lieu dans les 14 jours suivant les v\u00e9rifications mentionn\u00e9es.<\/p><p>Le droit s&rsquo;applique au Produit achet\u00e9 dans son int\u00e9gralit\u00e9 ; par cons\u00e9quent, si le Produit est compos\u00e9 de plusieurs composants ou parties, il n&rsquo;est pas possible d\u2019exercer la r\u00e9tractation uniquement sur une partie du Produit achet\u00e9.<\/p><p> <\/p><p>Le droit de r\u00e9tractation est totalement <strong>annul\u00e9<\/strong> si le produit retourn\u00e9 n&rsquo;est pas intact, c&rsquo;est-\u00e0-dire :<\/p><p>1. L&#8217;emballage d&rsquo;origine est manquant ;<br>2. Des \u00e9l\u00e9ments qui font partie int\u00e9grante du produit sont absents ;<br>3. Le produit est endommag\u00e9 pour des raisons autres que le transport.<\/p><p>Le droit de r\u00e9tractation est <strong>exclu<\/strong> dans les cas suivants, conform\u00e9ment \u00e0 l\u2019article 59 du D\u00e9cret L\u00e9gislatif 21\/2014 :<br>1. Commande de produits par un client non consommateur et\/ou demandant une facture ;<br>2. Commande de produits fabriqu\u00e9s sur mesure ou clairement personnalis\u00e9s ;<br>3. Commande de produits susceptibles de se d\u00e9t\u00e9riorer ou de p\u00e9rimer rapidement ;<br>4. Commande de produits scell\u00e9s qui ont \u00e9t\u00e9 ouverts apr\u00e8s la livraison. <\/p><p> <\/p><p>Derni\u00e8re mise \u00e0 jour 01\/04\/2025<\/p>\t\t\t\t\t\t\t\t<\/div>\n\t\t\t\t<\/div>\n\t\t\t\t\t<\/div>\n\t\t\t\t<\/div>\n\t\t\t\t<\/div>\n\t\t","protected":false},"excerpt":{"rendered":"<p>Politique de Retour Mondo Pet est un projet et une marque de PhytoItalia S.r.l. Le Droit de R\u00e9tractation consiste en la possibilit\u00e9 pour le consommateur de se r\u00e9tracter, dans un d\u00e9lai de quatorze (14) jours ouvrables, de tout achat \u00e0 distance et de recevoir le remboursement total des frais engag\u00e9s, sans aucune p\u00e9nalit\u00e9, comme pr\u00e9vu [&hellip;]<\/p>\n","protected":false},"author":1,"featured_media":0,"parent":0,"menu_order":0,"comment_status":"closed","ping_status":"closed","template":"","meta":{"_acf_changed":false,"footnotes":""},"class_list":["post-1722","page","type-page","status-publish","hentry"],"acf":[],"_links":{"self":[{"href":"https:\/\/mondopet-phytoitalia.it\/fr\/wp-json\/wp\/v2\/pages\/1722","targetHints":{"allow":["GET"]}}],"collection":[{"href":"https:\/\/mondopet-phytoitalia.it\/fr\/wp-json\/wp\/v2\/pages"}],"about":[{"href":"https:\/\/mondopet-phytoitalia.it\/fr\/wp-json\/wp\/v2\/types\/page"}],"author":[{"embeddable":true,"href":"https:\/\/mondopet-phytoitalia.it\/fr\/wp-json\/wp\/v2\/users\/1"}],"replies":[{"embeddable":true,"href":"https:\/\/mondopet-phytoitalia.it\/fr\/wp-json\/wp\/v2\/comments?post=1722"}],"version-history":[{"count":1,"href":"https:\/\/mondopet-phytoitalia.it\/fr\/wp-json\/wp\/v2\/pages\/1722\/revisions"}],"predecessor-version":[{"id":1723,"href":"https:\/\/mondopet-phytoitalia.it\/fr\/wp-json\/wp\/v2\/pages\/1722\/revisions\/1723"}],"wp:attachment":[{"href":"https:\/\/mondopet-phytoitalia.it\/fr\/wp-json\/wp\/v2\/media?parent=1722"}],"curies":[{"name":"wp","href":"https:\/\/api.w.org\/{rel}","templated":true}]}}