{"id":1242,"date":"2025-02-20T16:08:33","date_gmt":"2025-02-20T16:08:33","guid":{"rendered":"https:\/\/mondopet.phytoitalia.it\/magazine\/"},"modified":"2025-03-25T09:53:54","modified_gmt":"2025-03-25T09:53:54","slug":"magazine","status":"publish","type":"page","link":"https:\/\/mondopet-phytoitalia.it\/fr\/magazine\/","title":{"rendered":"Magazine"},"content":{"rendered":"\t\t<div data-elementor-type=\"wp-page\" data-elementor-id=\"1242\" class=\"elementor elementor-1242 elementor-105\" data-elementor-post-type=\"page\">\n\t\t\t\t<div class=\"elementor-element elementor-element-12e0aed e-con-full e-flex e-con e-parent\" data-id=\"12e0aed\" data-element_type=\"container\" data-e-type=\"container\" data-settings=\"{&quot;background_background&quot;:&quot;classic&quot;}\">\n\t\t<div class=\"elementor-element elementor-element-6b36e6e e-flex e-con-boxed e-con e-child\" data-id=\"6b36e6e\" data-element_type=\"container\" data-e-type=\"container\">\n\t\t\t\t\t<div class=\"e-con-inner\">\n\t\t<div class=\"elementor-element elementor-element-88404be e-con-full e-flex e-con e-child\" data-id=\"88404be\" data-element_type=\"container\" data-e-type=\"container\">\n\t\t\t\t<div class=\"elementor-element elementor-element-18a9cbc elementor-widget elementor-widget-button\" data-id=\"18a9cbc\" data-element_type=\"widget\" data-e-type=\"widget\" data-widget_type=\"button.default\">\n\t\t\t\t<div class=\"elementor-widget-container\">\n\t\t\t\t\t\t\t\t\t<div class=\"elementor-button-wrapper\">\n\t\t\t\t\t<a class=\"elementor-button elementor-size-sm\" role=\"button\">\n\t\t\t\t\t\t<span class=\"elementor-button-content-wrapper\">\n\t\t\t\t\t\t\t\t\t<span class=\"elementor-button-text\">Magazine<\/span>\n\t\t\t\t\t<\/span>\n\t\t\t\t\t<\/a>\n\t\t\t\t<\/div>\n\t\t\t\t\t\t\t\t<\/div>\n\t\t\t\t<\/div>\n\t\t\t\t<div class=\"elementor-element elementor-element-97627ee title-underline elementor-widget elementor-widget-heading\" data-id=\"97627ee\" data-element_type=\"widget\" data-e-type=\"widget\" data-widget_type=\"heading.default\">\n\t\t\t\t<div class=\"elementor-widget-container\">\n\t\t\t\t\t<h1 class=\"elementor-heading-title elementor-size-default\">Notre <u>magazine<\/u><\/h1>\t\t\t\t<\/div>\n\t\t\t\t<\/div>\n\t\t\t\t<div class=\"elementor-element elementor-element-fa2887c elementor-widget elementor-widget-text-editor\" data-id=\"fa2887c\" data-element_type=\"widget\" data-e-type=\"widget\" data-widget_type=\"text-editor.default\">\n\t\t\t\t<div class=\"elementor-widget-container\">\n\t\t\t\t\t\t\t\t\t<p>Bienvenue dans le magazine de Mondo Pet ! <br \/>Ici, vous trouverez chaque semaine des contenus professionnels et sp\u00e9cialis\u00e9s d\u00e9di\u00e9s \u00e0 la sant\u00e9 et au bien-\u00eatre psychophysique de votre ami \u00e0 quatre pattes.<\/p>\t\t\t\t\t\t\t\t<\/div>\n\t\t\t\t<\/div>\n\t\t\t\t<\/div>\n\t\t<div class=\"elementor-element elementor-element-f9db6ee e-con-full e-flex e-con e-child\" data-id=\"f9db6ee\" data-element_type=\"container\" data-e-type=\"container\">\n\t\t\t\t<div class=\"elementor-element elementor-element-e218d4d elementor-widget elementor-widget-image\" data-id=\"e218d4d\" data-element_type=\"widget\" data-e-type=\"widget\" data-widget_type=\"image.default\">\n\t\t\t\t<div class=\"elementor-widget-container\">\n\t\t\t\t\t\t\t\t\t\t\t\t\t\t\t<img fetchpriority=\"high\" decoding=\"async\" width=\"1000\" height=\"625\" src=\"https:\/\/mondopet-phytoitalia.it\/wp-content\/uploads\/2025\/02\/AdobeStock_547132394_contatti.png\" class=\"attachment-full size-full wp-image-1157\" alt=\"\" srcset=\"https:\/\/mondopet-phytoitalia.it\/wp-content\/uploads\/2025\/02\/AdobeStock_547132394_contatti.png 1000w, https:\/\/mondopet-phytoitalia.it\/wp-content\/uploads\/2025\/02\/AdobeStock_547132394_contatti-300x188.png 300w, https:\/\/mondopet-phytoitalia.it\/wp-content\/uploads\/2025\/02\/AdobeStock_547132394_contatti-768x480.png 768w, https:\/\/mondopet-phytoitalia.it\/wp-content\/uploads\/2025\/02\/AdobeStock_547132394_contatti-600x375.png 600w\" sizes=\"(max-width: 1000px) 100vw, 1000px\" \/>\t\t\t\t\t\t\t\t\t\t\t\t\t\t\t<\/div>\n\t\t\t\t<\/div>\n\t\t\t\t<\/div>\n\t\t\t\t\t<\/div>\n\t\t\t\t<\/div>\n\t\t\t\t<\/div>\n\t\t<div class=\"elementor-element elementor-element-d691127 e-con-full e-flex e-con e-parent\" data-id=\"d691127\" data-element_type=\"container\" data-e-type=\"container\" data-settings=\"{&quot;background_background&quot;:&quot;classic&quot;}\">\n\t\t<div class=\"elementor-element elementor-element-a7bcaf7 e-flex e-con-boxed e-con e-child\" data-id=\"a7bcaf7\" data-element_type=\"container\" data-e-type=\"container\">\n\t\t\t\t\t<div class=\"e-con-inner\">\n\t\t<div class=\"elementor-element elementor-element-ba758d9 e-con-full e-flex e-con e-child\" data-id=\"ba758d9\" data-element_type=\"container\" data-e-type=\"container\">\n\t\t<div class=\"elementor-element elementor-element-8d6ac22 e-con-full e-flex e-con e-child\" data-id=\"8d6ac22\" data-element_type=\"container\" data-e-type=\"container\">\n\t\t<div class=\"elementor-element elementor-element-d9dbd4e e-con-full e-flex e-con e-child\" data-id=\"d9dbd4e\" data-element_type=\"container\" data-e-type=\"container\">\n\t\t\t\t<div class=\"elementor-element elementor-element-1019ee8 elementor-grid-3 elementor-grid-tablet-2 elementor-grid-mobile-1 elementor-widget elementor-widget-loop-grid\" data-id=\"1019ee8\" data-element_type=\"widget\" data-e-type=\"widget\" data-settings=\"{&quot;template_id&quot;:1308,&quot;pagination_type&quot;:&quot;numbers&quot;,&quot;_skin&quot;:&quot;post&quot;,&quot;columns&quot;:&quot;3&quot;,&quot;columns_tablet&quot;:&quot;2&quot;,&quot;columns_mobile&quot;:&quot;1&quot;,&quot;edit_handle_selector&quot;:&quot;[data-elementor-type=\\&quot;loop-item\\&quot;]&quot;,&quot;pagination_load_type&quot;:&quot;page_reload&quot;,&quot;row_gap&quot;:{&quot;unit&quot;:&quot;px&quot;,&quot;size&quot;:&quot;&quot;,&quot;sizes&quot;:[]},&quot;row_gap_laptop&quot;:{&quot;unit&quot;:&quot;px&quot;,&quot;size&quot;:&quot;&quot;,&quot;sizes&quot;:[]},&quot;row_gap_tablet_extra&quot;:{&quot;unit&quot;:&quot;px&quot;,&quot;size&quot;:&quot;&quot;,&quot;sizes&quot;:[]},&quot;row_gap_tablet&quot;:{&quot;unit&quot;:&quot;px&quot;,&quot;size&quot;:&quot;&quot;,&quot;sizes&quot;:[]},&quot;row_gap_mobile&quot;:{&quot;unit&quot;:&quot;px&quot;,&quot;size&quot;:&quot;&quot;,&quot;sizes&quot;:[]}}\" data-widget_type=\"loop-grid.post\">\n\t\t\t\t<div class=\"elementor-widget-container\">\n\t\t\t\t\t\t\t<div class=\"elementor-loop-container elementor-grid\" role=\"list\">\n\t\t<style id=\"loop-1308\">.elementor-1308 .elementor-element.elementor-element-41a45eb{--display:flex;--flex-direction:column;--container-widget-width:100%;--container-widget-height:initial;--container-widget-flex-grow:0;--container-widget-align-self:initial;--flex-wrap-mobile:wrap;--gap:0px 0px;--row-gap:0px;--column-gap:0px;--border-radius:25px 25px 25px 25px;--padding-top:0px;--padding-bottom:0px;--padding-left:0px;--padding-right:0px;}.elementor-1308 .elementor-element.elementor-element-41a45eb:not(.elementor-motion-effects-element-type-background), .elementor-1308 .elementor-element.elementor-element-41a45eb > .elementor-motion-effects-container > .elementor-motion-effects-layer{background-color:#F5F8BC;}.elementor-1308 .elementor-element.elementor-element-41a45eb:hover{box-shadow:0px 0px 10px 0px rgba(0,0,0,0.5);}.elementor-widget-theme-post-featured-image .widget-image-caption{color:var( --e-global-color-text );font-family:var( --e-global-typography-text-font-family ), Sans-serif;font-weight:var( --e-global-typography-text-font-weight );}.elementor-1308 .elementor-element.elementor-element-9b7f739 img{border-radius:25px 25px 0px 0px;}.elementor-1308 .elementor-element.elementor-element-aa94755{--display:flex;--padding-top:30px;--padding-bottom:30px;--padding-left:20px;--padding-right:20px;}.elementor-widget-post-info .elementor-icon-list-item:not(:last-child):after{border-color:var( --e-global-color-text );}.elementor-widget-post-info .elementor-icon-list-icon i{color:var( --e-global-color-primary );}.elementor-widget-post-info .elementor-icon-list-icon svg{fill:var( --e-global-color-primary );}.elementor-widget-post-info .elementor-icon-list-text, .elementor-widget-post-info .elementor-icon-list-text a{color:var( --e-global-color-secondary );}.elementor-widget-post-info .elementor-icon-list-item{font-family:var( --e-global-typography-text-font-family ), Sans-serif;font-weight:var( --e-global-typography-text-font-weight );}.elementor-1308 .elementor-element.elementor-element-5f615c0 .elementor-icon-list-icon{width:14px;}.elementor-1308 .elementor-element.elementor-element-5f615c0 .elementor-icon-list-icon i{font-size:14px;}.elementor-1308 .elementor-element.elementor-element-5f615c0 .elementor-icon-list-icon svg{--e-icon-list-icon-size:14px;}.elementor-1308 .elementor-element.elementor-element-5f615c0 .elementor-icon-list-text, .elementor-1308 .elementor-element.elementor-element-5f615c0 .elementor-icon-list-text a{color:#FFFFFF;}.elementor-1308 .elementor-element.elementor-element-5f615c0 .elementor-icon-list-item{font-family:\"Manrope\", Sans-serif;font-size:14px;font-weight:500;text-transform:uppercase;}.elementor-widget-theme-post-title .elementor-heading-title{font-family:var( --e-global-typography-primary-font-family ), Sans-serif;font-weight:var( --e-global-typography-primary-font-weight );color:var( --e-global-color-primary );}.elementor-1308 .elementor-element.elementor-element-60f468f .elementor-heading-title{font-family:\"Manrope\", Sans-serif;font-size:24px;font-weight:700;color:#3D3D3D;}.elementor-widget-theme-post-excerpt .elementor-widget-container{font-family:var( --e-global-typography-text-font-family ), Sans-serif;font-weight:var( --e-global-typography-text-font-weight );color:var( --e-global-color-text );}.elementor-1308 .elementor-element.elementor-element-fa21d6a .elementor-widget-container{font-family:\"Manrope\", Sans-serif;font-size:18px;font-weight:400;line-height:26px;color:#3D3D3D;}<\/style>\t\t<div data-elementor-type=\"loop-item\" data-elementor-id=\"1308\" class=\"elementor elementor-1308 elementor-563 elementor-563 e-loop-item e-loop-item-2026 post-2026 post type-post status-publish format-standard has-post-thumbnail hentry category-salute-fr\" data-elementor-post-type=\"elementor_library\" data-custom-edit-handle=\"1\">\n\t\t\t<a class=\"elementor-element elementor-element-41a45eb e-flex e-con-boxed e-con e-parent\" data-id=\"41a45eb\" data-element_type=\"container\" data-e-type=\"container\" data-settings=\"{&quot;background_background&quot;:&quot;classic&quot;}\" href=\"https:\/\/mondopet-phytoitalia.it\/fr\/primavera-in-sicurezza-proteggi-il-tuo-amico-a-4-zampe-da-parassiti-e-pericoli-nascosti\/\">\n\t\t\t\t\t<div class=\"e-con-inner\">\n\t\t\t\t<div class=\"elementor-element elementor-element-9b7f739 elementor-widget elementor-widget-theme-post-featured-image elementor-widget-image\" data-id=\"9b7f739\" data-element_type=\"widget\" data-e-type=\"widget\" data-widget_type=\"theme-post-featured-image.default\">\n\t\t\t\t<div class=\"elementor-widget-container\">\n\t\t\t\t\t\t\t\t\t\t\t\t\t\t\t<img decoding=\"async\" width=\"750\" height=\"489\" src=\"https:\/\/mondopet-phytoitalia.it\/wp-content\/uploads\/2025\/04\/mondopet-immagine-prevenzione-primavera.png\" class=\"attachment-full size-full wp-image-2083\" alt=\"Primavera in sicurezza\" srcset=\"https:\/\/mondopet-phytoitalia.it\/wp-content\/uploads\/2025\/04\/mondopet-immagine-prevenzione-primavera.png 750w, https:\/\/mondopet-phytoitalia.it\/wp-content\/uploads\/2025\/04\/mondopet-immagine-prevenzione-primavera-300x196.png 300w, https:\/\/mondopet-phytoitalia.it\/wp-content\/uploads\/2025\/04\/mondopet-immagine-prevenzione-primavera-600x391.png 600w\" sizes=\"(max-width: 750px) 100vw, 750px\" \/>\t\t\t\t\t\t\t\t\t\t\t\t\t\t\t<\/div>\n\t\t\t\t<\/div>\n\t\t<div class=\"elementor-element elementor-element-aa94755 e-con-full e-flex e-con e-child\" data-id=\"aa94755\" data-element_type=\"container\" data-e-type=\"container\">\n\t\t\t\t<div class=\"elementor-element elementor-element-5f615c0 category elementor-widget elementor-widget-post-info\" data-id=\"5f615c0\" data-element_type=\"widget\" data-e-type=\"widget\" data-widget_type=\"post-info.default\">\n\t\t\t\t<div class=\"elementor-widget-container\">\n\t\t\t\t\t\t\t<ul class=\"elementor-inline-items elementor-icon-list-items elementor-post-info\">\n\t\t\t\t\t\t\t\t<li class=\"elementor-icon-list-item elementor-repeater-item-1d05f4f elementor-inline-item\" itemprop=\"about\">\n\t\t\t\t\t\t\t\t\t\t\t\t\t<span class=\"elementor-icon-list-text elementor-post-info__item elementor-post-info__item--type-terms\">\n\t\t\t\t\t\t\t\t\t\t<span class=\"elementor-post-info__terms-list\">\n\t\t\t\t<span class=\"elementor-post-info__terms-list-item\">Salute<\/span>\t\t\t\t<\/span>\n\t\t\t\t\t<\/span>\n\t\t\t\t\t\t\t\t<\/li>\n\t\t\t\t<\/ul>\n\t\t\t\t\t\t<\/div>\n\t\t\t\t<\/div>\n\t\t\t\t<div class=\"elementor-element elementor-element-60f468f elementor-widget elementor-widget-theme-post-title elementor-page-title elementor-widget-heading\" data-id=\"60f468f\" data-element_type=\"widget\" data-e-type=\"widget\" data-widget_type=\"theme-post-title.default\">\n\t\t\t\t<div class=\"elementor-widget-container\">\n\t\t\t\t\t<h2 class=\"elementor-heading-title elementor-size-default\">Primavera in Sicurezza: Proteggi il Tuo Amico a 4 Zampe da Parassiti e Pericoli Nascosti<\/h2>\t\t\t\t<\/div>\n\t\t\t\t<\/div>\n\t\t\t\t<\/div>\n\t\t\t\t\t<\/div>\n\t\t\t\t<\/a>\n\t\t\t\t<\/div>\n\t\t\t\t<div data-elementor-type=\"loop-item\" data-elementor-id=\"1308\" class=\"elementor elementor-1308 elementor-563 elementor-563 e-loop-item e-loop-item-1511 post-1511 post type-post status-publish format-standard has-post-thumbnail hentry category-nutrition-fr\" data-elementor-post-type=\"elementor_library\" data-custom-edit-handle=\"1\">\n\t\t\t<a class=\"elementor-element elementor-element-41a45eb e-flex e-con-boxed e-con e-parent\" data-id=\"41a45eb\" data-element_type=\"container\" data-e-type=\"container\" data-settings=\"{&quot;background_background&quot;:&quot;classic&quot;}\" href=\"https:\/\/mondopet-phytoitalia.it\/fr\/vieillissants-mais-en-forme-comment-aider-votre-chien-ou-chat-a-bien-vieillir\/\">\n\t\t\t\t\t<div class=\"e-con-inner\">\n\t\t\t\t<div class=\"elementor-element elementor-element-9b7f739 elementor-widget elementor-widget-theme-post-featured-image elementor-widget-image\" data-id=\"9b7f739\" data-element_type=\"widget\" data-e-type=\"widget\" data-widget_type=\"theme-post-featured-image.default\">\n\t\t\t\t<div class=\"elementor-widget-container\">\n\t\t\t\t\t\t\t\t\t\t\t\t\t\t\t<img decoding=\"async\" width=\"750\" height=\"489\" src=\"https:\/\/mondopet-phytoitalia.it\/wp-content\/uploads\/2025\/02\/MP_articolo3_main.png\" class=\"attachment-full size-full wp-image-1397\" alt=\"\" srcset=\"https:\/\/mondopet-phytoitalia.it\/wp-content\/uploads\/2025\/02\/MP_articolo3_main.png 750w, https:\/\/mondopet-phytoitalia.it\/wp-content\/uploads\/2025\/02\/MP_articolo3_main-300x196.png 300w, https:\/\/mondopet-phytoitalia.it\/wp-content\/uploads\/2025\/02\/MP_articolo3_main-600x391.png 600w\" sizes=\"(max-width: 750px) 100vw, 750px\" \/>\t\t\t\t\t\t\t\t\t\t\t\t\t\t\t<\/div>\n\t\t\t\t<\/div>\n\t\t<div class=\"elementor-element elementor-element-aa94755 e-con-full e-flex e-con e-child\" data-id=\"aa94755\" data-element_type=\"container\" data-e-type=\"container\">\n\t\t\t\t<div class=\"elementor-element elementor-element-5f615c0 category elementor-widget elementor-widget-post-info\" data-id=\"5f615c0\" data-element_type=\"widget\" data-e-type=\"widget\" data-widget_type=\"post-info.default\">\n\t\t\t\t<div class=\"elementor-widget-container\">\n\t\t\t\t\t\t\t<ul class=\"elementor-inline-items elementor-icon-list-items elementor-post-info\">\n\t\t\t\t\t\t\t\t<li class=\"elementor-icon-list-item elementor-repeater-item-1d05f4f elementor-inline-item\" itemprop=\"about\">\n\t\t\t\t\t\t\t\t\t\t\t\t\t<span class=\"elementor-icon-list-text elementor-post-info__item elementor-post-info__item--type-terms\">\n\t\t\t\t\t\t\t\t\t\t<span class=\"elementor-post-info__terms-list\">\n\t\t\t\t<span class=\"elementor-post-info__terms-list-item\">Nutrition<\/span>\t\t\t\t<\/span>\n\t\t\t\t\t<\/span>\n\t\t\t\t\t\t\t\t<\/li>\n\t\t\t\t<\/ul>\n\t\t\t\t\t\t<\/div>\n\t\t\t\t<\/div>\n\t\t\t\t<div class=\"elementor-element elementor-element-60f468f elementor-widget elementor-widget-theme-post-title elementor-page-title elementor-widget-heading\" data-id=\"60f468f\" data-element_type=\"widget\" data-e-type=\"widget\" data-widget_type=\"theme-post-title.default\">\n\t\t\t\t<div class=\"elementor-widget-container\">\n\t\t\t\t\t<h2 class=\"elementor-heading-title elementor-size-default\">Vieillissants mais en forme : comment aider votre chien ou chat \u00e0 bien vieillir<\/h2>\t\t\t\t<\/div>\n\t\t\t\t<\/div>\n\t\t\t\t<div class=\"elementor-element elementor-element-fa21d6a elementor-widget elementor-widget-theme-post-excerpt\" data-id=\"fa21d6a\" data-element_type=\"widget\" data-e-type=\"widget\" data-widget_type=\"theme-post-excerpt.default\">\n\t\t\t\t<div class=\"elementor-widget-container\">\n\t\t\t\t\tComme chez les humains, les chiens et les chats subissent des changements physiques et m\u00e9taboliques avec l'\u00e2ge. Comment les aider \u00e0 bien vivre aussi pendant cette p\u00e9riode ? \t\t\t\t<\/div>\n\t\t\t\t<\/div>\n\t\t\t\t<\/div>\n\t\t\t\t\t<\/div>\n\t\t\t\t<\/a>\n\t\t\t\t<\/div>\n\t\t\t\t<div data-elementor-type=\"loop-item\" data-elementor-id=\"1308\" class=\"elementor elementor-1308 elementor-563 elementor-563 e-loop-item e-loop-item-1517 post-1517 post type-post status-publish format-standard has-post-thumbnail hentry category-nutrition-fr\" data-elementor-post-type=\"elementor_library\" data-custom-edit-handle=\"1\">\n\t\t\t<a class=\"elementor-element elementor-element-41a45eb e-flex e-con-boxed e-con e-parent\" data-id=\"41a45eb\" data-element_type=\"container\" data-e-type=\"container\" data-settings=\"{&quot;background_background&quot;:&quot;classic&quot;}\" href=\"https:\/\/mondopet-phytoitalia.it\/fr\/problemes-de-peau-et-de-pelage-chez-le-chien-et-le-chat-les-remedes-naturels-qui-font-la-difference\/\">\n\t\t\t\t\t<div class=\"e-con-inner\">\n\t\t\t\t<div class=\"elementor-element elementor-element-9b7f739 elementor-widget elementor-widget-theme-post-featured-image elementor-widget-image\" data-id=\"9b7f739\" data-element_type=\"widget\" data-e-type=\"widget\" data-widget_type=\"theme-post-featured-image.default\">\n\t\t\t\t<div class=\"elementor-widget-container\">\n\t\t\t\t\t\t\t\t\t\t\t\t\t\t\t<img loading=\"lazy\" decoding=\"async\" width=\"750\" height=\"489\" src=\"https:\/\/mondopet-phytoitalia.it\/wp-content\/uploads\/2025\/02\/MP_articolo2_main.png\" class=\"attachment-full size-full wp-image-1386\" alt=\"\" srcset=\"https:\/\/mondopet-phytoitalia.it\/wp-content\/uploads\/2025\/02\/MP_articolo2_main.png 750w, https:\/\/mondopet-phytoitalia.it\/wp-content\/uploads\/2025\/02\/MP_articolo2_main-300x196.png 300w, https:\/\/mondopet-phytoitalia.it\/wp-content\/uploads\/2025\/02\/MP_articolo2_main-600x391.png 600w\" sizes=\"(max-width: 750px) 100vw, 750px\" \/>\t\t\t\t\t\t\t\t\t\t\t\t\t\t\t<\/div>\n\t\t\t\t<\/div>\n\t\t<div class=\"elementor-element elementor-element-aa94755 e-con-full e-flex e-con e-child\" data-id=\"aa94755\" data-element_type=\"container\" data-e-type=\"container\">\n\t\t\t\t<div class=\"elementor-element elementor-element-5f615c0 category elementor-widget elementor-widget-post-info\" data-id=\"5f615c0\" data-element_type=\"widget\" data-e-type=\"widget\" data-widget_type=\"post-info.default\">\n\t\t\t\t<div class=\"elementor-widget-container\">\n\t\t\t\t\t\t\t<ul class=\"elementor-inline-items elementor-icon-list-items elementor-post-info\">\n\t\t\t\t\t\t\t\t<li class=\"elementor-icon-list-item elementor-repeater-item-1d05f4f elementor-inline-item\" itemprop=\"about\">\n\t\t\t\t\t\t\t\t\t\t\t\t\t<span class=\"elementor-icon-list-text elementor-post-info__item elementor-post-info__item--type-terms\">\n\t\t\t\t\t\t\t\t\t\t<span class=\"elementor-post-info__terms-list\">\n\t\t\t\t<span class=\"elementor-post-info__terms-list-item\">Nutrition<\/span>\t\t\t\t<\/span>\n\t\t\t\t\t<\/span>\n\t\t\t\t\t\t\t\t<\/li>\n\t\t\t\t<\/ul>\n\t\t\t\t\t\t<\/div>\n\t\t\t\t<\/div>\n\t\t\t\t<div class=\"elementor-element elementor-element-60f468f elementor-widget elementor-widget-theme-post-title elementor-page-title elementor-widget-heading\" data-id=\"60f468f\" data-element_type=\"widget\" data-e-type=\"widget\" data-widget_type=\"theme-post-title.default\">\n\t\t\t\t<div class=\"elementor-widget-container\">\n\t\t\t\t\t<h2 class=\"elementor-heading-title elementor-size-default\">Probl\u00e8mes de peau et de pelage chez le chien et le chat ? Les rem\u00e8des naturels qui font la diff\u00e9rence<\/h2>\t\t\t\t<\/div>\n\t\t\t\t<\/div>\n\t\t\t\t<div class=\"elementor-element elementor-element-fa21d6a elementor-widget elementor-widget-theme-post-excerpt\" data-id=\"fa21d6a\" data-element_type=\"widget\" data-e-type=\"widget\" data-widget_type=\"theme-post-excerpt.default\">\n\t\t\t\t<div class=\"elementor-widget-container\">\n\t\t\t\t\tQuelles sont les causes les plus courantes des probl\u00e8mes de peau et de pelage ? Comment pr\u00e9venir les troubles ou intervenir lorsqu'ils surviennent ?\t\t\t\t<\/div>\n\t\t\t\t<\/div>\n\t\t\t\t<\/div>\n\t\t\t\t\t<\/div>\n\t\t\t\t<\/a>\n\t\t\t\t<\/div>\n\t\t\t\t<div data-elementor-type=\"loop-item\" data-elementor-id=\"1308\" class=\"elementor elementor-1308 elementor-563 elementor-563 e-loop-item e-loop-item-1536 post-1536 post type-post status-publish format-standard has-post-thumbnail hentry category-nutrition-fr\" data-elementor-post-type=\"elementor_library\" data-custom-edit-handle=\"1\">\n\t\t\t<a class=\"elementor-element elementor-element-41a45eb e-flex e-con-boxed e-con e-parent\" data-id=\"41a45eb\" data-element_type=\"container\" data-e-type=\"container\" data-settings=\"{&quot;background_background&quot;:&quot;classic&quot;}\" href=\"https:\/\/mondopet-phytoitalia.it\/fr\/aliments-naturels-pour-chiens-et-chats-quand-et-pourquoi-sont-ils-utiles\/\">\n\t\t\t\t\t<div class=\"e-con-inner\">\n\t\t\t\t<div class=\"elementor-element elementor-element-9b7f739 elementor-widget elementor-widget-theme-post-featured-image elementor-widget-image\" data-id=\"9b7f739\" data-element_type=\"widget\" data-e-type=\"widget\" data-widget_type=\"theme-post-featured-image.default\">\n\t\t\t\t<div class=\"elementor-widget-container\">\n\t\t\t\t\t\t\t\t\t\t\t\t\t\t\t<img loading=\"lazy\" decoding=\"async\" width=\"1000\" height=\"652\" src=\"https:\/\/mondopet-phytoitalia.it\/wp-content\/uploads\/2025\/02\/MP_articolo1_main.png\" class=\"attachment-full size-full wp-image-1380\" alt=\"\" srcset=\"https:\/\/mondopet-phytoitalia.it\/wp-content\/uploads\/2025\/02\/MP_articolo1_main.png 1000w, https:\/\/mondopet-phytoitalia.it\/wp-content\/uploads\/2025\/02\/MP_articolo1_main-300x196.png 300w, https:\/\/mondopet-phytoitalia.it\/wp-content\/uploads\/2025\/02\/MP_articolo1_main-768x501.png 768w, https:\/\/mondopet-phytoitalia.it\/wp-content\/uploads\/2025\/02\/MP_articolo1_main-600x391.png 600w\" sizes=\"(max-width: 1000px) 100vw, 1000px\" \/>\t\t\t\t\t\t\t\t\t\t\t\t\t\t\t<\/div>\n\t\t\t\t<\/div>\n\t\t<div class=\"elementor-element elementor-element-aa94755 e-con-full e-flex e-con e-child\" data-id=\"aa94755\" data-element_type=\"container\" data-e-type=\"container\">\n\t\t\t\t<div class=\"elementor-element elementor-element-5f615c0 category elementor-widget elementor-widget-post-info\" data-id=\"5f615c0\" data-element_type=\"widget\" data-e-type=\"widget\" data-widget_type=\"post-info.default\">\n\t\t\t\t<div class=\"elementor-widget-container\">\n\t\t\t\t\t\t\t<ul class=\"elementor-inline-items elementor-icon-list-items elementor-post-info\">\n\t\t\t\t\t\t\t\t<li class=\"elementor-icon-list-item elementor-repeater-item-1d05f4f elementor-inline-item\" itemprop=\"about\">\n\t\t\t\t\t\t\t\t\t\t\t\t\t<span class=\"elementor-icon-list-text elementor-post-info__item elementor-post-info__item--type-terms\">\n\t\t\t\t\t\t\t\t\t\t<span class=\"elementor-post-info__terms-list\">\n\t\t\t\t<span class=\"elementor-post-info__terms-list-item\">Nutrition<\/span>\t\t\t\t<\/span>\n\t\t\t\t\t<\/span>\n\t\t\t\t\t\t\t\t<\/li>\n\t\t\t\t<\/ul>\n\t\t\t\t\t\t<\/div>\n\t\t\t\t<\/div>\n\t\t\t\t<div class=\"elementor-element elementor-element-60f468f elementor-widget elementor-widget-theme-post-title elementor-page-title elementor-widget-heading\" data-id=\"60f468f\" data-element_type=\"widget\" data-e-type=\"widget\" data-widget_type=\"theme-post-title.default\">\n\t\t\t\t<div class=\"elementor-widget-container\">\n\t\t\t\t\t<h2 class=\"elementor-heading-title elementor-size-default\">Aliments naturels pour chiens et chats : quand et pourquoi sont-ils utiles ?<\/h2>\t\t\t\t<\/div>\n\t\t\t\t<\/div>\n\t\t\t\t<div class=\"elementor-element elementor-element-fa21d6a elementor-widget elementor-widget-theme-post-excerpt\" data-id=\"fa21d6a\" data-element_type=\"widget\" data-e-type=\"widget\" data-widget_type=\"theme-post-excerpt.default\">\n\t\t\t\t<div class=\"elementor-widget-container\">\n\t\t\t\t\tParfois, l'alimentation quotidienne peut ne pas \u00eatre suffisante pour garantir le bien-\u00eatre de votre animal de compagnie. D\u00e9couvrez les super-aliments qui peuvent favoriser son bien-\u00eatre.\t\t\t\t<\/div>\n\t\t\t\t<\/div>\n\t\t\t\t<\/div>\n\t\t\t\t\t<\/div>\n\t\t\t\t<\/a>\n\t\t\t\t<\/div>\n\t\t\t\t<\/div>\n\t\t\n\t\t\t\t\t\t<\/div>\n\t\t\t\t<\/div>\n\t\t\t\t<\/div>\n\t\t\t\t<\/div>\n\t\t\t\t<\/div>\n\t\t\t\t\t<\/div>\n\t\t\t\t<\/div>\n\t\t\t\t<\/div>\n\t\t\t\t<\/div>\n\t\t","protected":false},"excerpt":{"rendered":"<p>Magazine Notre magazine Bienvenue dans le magazine de Mondo Pet ! Ici, vous trouverez chaque semaine des contenus professionnels et sp\u00e9cialis\u00e9s d\u00e9di\u00e9s \u00e0 la sant\u00e9 et au bien-\u00eatre psychophysique de votre ami \u00e0 quatre pattes.<\/p>\n","protected":false},"author":1,"featured_media":0,"parent":0,"menu_order":0,"comment_status":"closed","ping_status":"closed","template":"","meta":{"_acf_changed":false,"footnotes":""},"class_list":["post-1242","page","type-page","status-publish","hentry"],"acf":[],"_links":{"self":[{"href":"https:\/\/mondopet-phytoitalia.it\/fr\/wp-json\/wp\/v2\/pages\/1242","targetHints":{"allow":["GET"]}}],"collection":[{"href":"https:\/\/mondopet-phytoitalia.it\/fr\/wp-json\/wp\/v2\/pages"}],"about":[{"href":"https:\/\/mondopet-phytoitalia.it\/fr\/wp-json\/wp\/v2\/types\/page"}],"author":[{"embeddable":true,"href":"https:\/\/mondopet-phytoitalia.it\/fr\/wp-json\/wp\/v2\/users\/1"}],"replies":[{"embeddable":true,"href":"https:\/\/mondopet-phytoitalia.it\/fr\/wp-json\/wp\/v2\/comments?post=1242"}],"version-history":[{"count":4,"href":"https:\/\/mondopet-phytoitalia.it\/fr\/wp-json\/wp\/v2\/pages\/1242\/revisions"}],"predecessor-version":[{"id":1469,"href":"https:\/\/mondopet-phytoitalia.it\/fr\/wp-json\/wp\/v2\/pages\/1242\/revisions\/1469"}],"wp:attachment":[{"href":"https:\/\/mondopet-phytoitalia.it\/fr\/wp-json\/wp\/v2\/media?parent=1242"}],"curies":[{"name":"wp","href":"https:\/\/api.w.org\/{rel}","templated":true}]}}