{"id":1557,"date":"2025-02-20T23:29:50","date_gmt":"2025-02-20T23:29:50","guid":{"rendered":"https:\/\/mondopet.phytoitalia.it\/prodotto\/hepanut\/"},"modified":"2025-11-25T14:50:00","modified_gmt":"2025-11-25T14:50:00","slug":"hepanut","status":"publish","type":"product","link":"https:\/\/mondopet-phytoitalia.it\/es\/prodotto\/hepanut\/","title":{"rendered":"Hepanut"},"content":{"rendered":"<p>Una alimentaci\u00f3n incorrecta, un problema metab\u00f3lico, fatiga cr\u00f3nica, falta de apetito, n\u00e1useas y v\u00f3mitos son a menudo causa y s\u00edntoma de un h\u00edgado fatigado e inflamado.<\/p>\n<p>Las plantas medicinales y los componentes nutrac\u00e9uticos incluidos, a diferencia de los tradicionalmente utilizados en otros alimentos complementarios que \u00abestimulan\u00bb la funci\u00f3n hep\u00e1tica \u2014 y como bien sabemos, no es adecuado estimular un \u00f3rgano inflamado \u2014 tienen como objetivo contrarrestar la inflamaci\u00f3n hep\u00e1tica y restablecer el correcto funcionamiento del h\u00edgado. Esto incluye su capacidad de desintoxicaci\u00f3n, as\u00ed como muchas otras funciones (producci\u00f3n de colesterol, regulaci\u00f3n de la homeostasis del hierro, transformaciones hormonales, etc.).<\/p>\n<p><strong>INDICACIONES<\/strong><\/p>\n<p>HEPANUT es un alimento complementario para perros y gatos formulado en comprimidos palatables con alto contenido de Desmodio, alga Lithothamnium, vitaminas del grupo B y Biotina, para favorecer el bienestar normal del h\u00edgado.<br \/>\nSu formulaci\u00f3n sin ingredientes de origen animal es adecuada para animales intolerantes o bajo dietas de exclusi\u00f3n.<\/p>\n<p><strong>MODO DE EMPLEO Y RACI\u00d3N DIARIA<\/strong><\/p>\n<p><strong>Perro<\/strong><br \/>\nHasta 10 kg: 1 comprimido<br \/>\n10\u201320 kg: 2 comprimidos<br \/>\n20\u201330 kg: 3 comprimidos<br \/>\n30\u201340 kg: 4 comprimidos<br \/>\nM\u00e1s de 40 kg: 5 comprimidos<\/p>\n<p><strong>Gato<\/strong><br \/>\nHasta 5 kg: \u00bd comprimido<br \/>\nM\u00e1s de 5 kg: 1 comprimido<\/p>\n<p><strong>ADVERTENCIAS<\/strong><br \/>\nConservar en lugar fresco y seco, lejos del calor. No arrojar el envase al medio ambiente. Mantener fuera de la vista y del alcance de los ni\u00f1os.<\/p>\n<p><strong>CONTENIDO (Por 1 comprimido de 1000 mg)<\/strong><br \/>\nDesmodio 300 mg; Lithothamnium calcareum 100 mg; Nicotinamida 18 mg; Vitamina B1 8 mg; Vitamina B2 8 mg; Vitamina B5 4,5 mg; Vitamina B6 2,5 mg; \u00c1cido f\u00f3lico 100 \u03bcg; Biotina 25 \u03bcg; Vitamina B12 2,5 \u03bcg.<\/p>\n<p><strong>COMPOSICI\u00d3N<\/strong><br \/>\nDesmodio 30 %; Algas secas Lithothamnium calcareum 10 %; Levaduras inactivadas; Pirofosfato de sodio; Estearato de magnesio; Gliceril behenato; Cloruro de sodio; Harina de prote\u00edna de altramuz; Aceite de girasol; Almid\u00f3n de ma\u00edz.<\/p>\n<p><strong>ADITIVOS<\/strong><br \/>\nNicotinamida 18.000 mg\/kg; Vitamina B1 8.000 mg\/kg; Vitamina B2 8.000 mg\/kg; Vitamina B5 4.500 mg\/kg; Vitamina B6 2.500 mg\/kg; \u00c1cido f\u00f3lico 100 mg\/kg; Biotina 25 mg\/kg; Vitamina B12 2,5 mg\/kg; E460 Celulosa microcristalina.<\/p>\n<p><strong>CONSTITUYENTES ANAL\u00cdTICOS<\/strong><br \/>\nProte\u00edna bruta 14,83 %; Fibra bruta 32,50 %; Grasas brutas 6,8 %; Cenizas brutas 18,9 %; Humedad 3,18 %.<\/p>\n","protected":false},"excerpt":{"rendered":"<p>El amigo del h\u00edgado y de sus m\u00faltiples funciones.<\/p>\n","protected":false},"featured_media":1218,"comment_status":"closed","ping_status":"closed","template":"","meta":{"_acf_changed":false},"product_brand":[],"product_cat":[51],"product_tag":[],"class_list":{"0":"post-1557","1":"product","2":"type-product","3":"status-publish","4":"has-post-thumbnail","6":"product_cat-nutricion","8":"first","9":"instock","10":"shipping-taxable","11":"purchasable","12":"product-type-simple"},"acf":[],"_links":{"self":[{"href":"https:\/\/mondopet-phytoitalia.it\/es\/wp-json\/wp\/v2\/product\/1557","targetHints":{"allow":["GET"]}}],"collection":[{"href":"https:\/\/mondopet-phytoitalia.it\/es\/wp-json\/wp\/v2\/product"}],"about":[{"href":"https:\/\/mondopet-phytoitalia.it\/es\/wp-json\/wp\/v2\/types\/product"}],"replies":[{"embeddable":true,"href":"https:\/\/mondopet-phytoitalia.it\/es\/wp-json\/wp\/v2\/comments?post=1557"}],"wp:featuredmedia":[{"embeddable":true,"href":"https:\/\/mondopet-phytoitalia.it\/es\/wp-json\/wp\/v2\/media\/1218"}],"wp:attachment":[{"href":"https:\/\/mondopet-phytoitalia.it\/es\/wp-json\/wp\/v2\/media?parent=1557"}],"wp:term":[{"taxonomy":"product_brand","embeddable":true,"href":"https:\/\/mondopet-phytoitalia.it\/es\/wp-json\/wp\/v2\/product_brand?post=1557"},{"taxonomy":"product_cat","embeddable":true,"href":"https:\/\/mondopet-phytoitalia.it\/es\/wp-json\/wp\/v2\/product_cat?post=1557"},{"taxonomy":"product_tag","embeddable":true,"href":"https:\/\/mondopet-phytoitalia.it\/es\/wp-json\/wp\/v2\/product_tag?post=1557"}],"curies":[{"name":"wp","href":"https:\/\/api.w.org\/{rel}","templated":true}]}}