{"id":1556,"date":"2025-02-20T23:30:25","date_gmt":"2025-02-20T23:30:25","guid":{"rendered":"https:\/\/mondopet.phytoitalia.it\/prodotto\/urinut\/"},"modified":"2025-11-25T14:48:05","modified_gmt":"2025-11-25T14:48:05","slug":"urinut","status":"publish","type":"product","link":"https:\/\/mondopet-phytoitalia.it\/es\/prodotto\/urinut\/","title":{"rendered":"Urinut"},"content":{"rendered":"<p>Los animales de compa\u00f1\u00eda sufren con bastante frecuencia problemas urinarios debido a la formaci\u00f3n de c\u00e1lculos o infecciones bacterianas.<\/p>\n<p>Las plantas medicinales son muy eficaces para prevenir la formaci\u00f3n de c\u00e1lculos y mantener un equilibrio bacteriano que no provoque infecciones. Urinut contiene las mejores plantas medicinales para la salud del sistema urinario, evitando la proliferaci\u00f3n bacteriana y la formaci\u00f3n de c\u00e1lculos que podr\u00edan afectar su funcionamiento.<\/p>\n<p><strong>INDICACIONES<\/strong><\/p>\n<p>URINUT es un alimento complementario para perros y gatos formulado en comprimidos palatables con F\u00edlanto, Hibisco, Ortosif\u00f3n, Brezo y Tilo, para favorecer la funci\u00f3n renal normal. Su formulaci\u00f3n sin ingredientes de origen animal es adecuada para animales intolerantes o bajo dietas controladas.<\/p>\n<p><strong>MODO DE EMPLEO Y RACI\u00d3N DIARIA<\/strong><\/p>\n<p><strong>Perro<\/strong><br \/>\nHasta 10 kg: 1 comprimido<br \/>\n10\u201320 kg: 2 comprimidos<br \/>\n20\u201330 kg: 3 comprimidos<br \/>\n30\u201340 kg: 4 comprimidos<br \/>\nM\u00e1s de 40 kg: 5 comprimidos<\/p>\n<p><strong>Gato<\/strong><br \/>\nHasta 5 kg: \u00bd comprimido<br \/>\nM\u00e1s de 5 kg: 1 comprimido<\/p>\n<p><strong>ADVERTENCIAS<\/strong><br \/>\nConservar en lugar fresco y seco, lejos de fuentes de calor. No arrojar el envase al medio ambiente. Mantener fuera del alcance de los ni\u00f1os.<\/p>\n<p><strong>CONTENIDO (Por 1 comprimido)<\/strong><br \/>\nF\u00edlanto 160 mg; Hibisco 160 mg; Ortosif\u00f3n 40 mg; Brezo 40 mg; Tilo 40 mg.<\/p>\n<p><strong>COMPOSICI\u00d3N<\/strong><br \/>\nF\u00edlanto 16 %; Hibisco 16 %; Levaduras inactivadas; Pirofosfato de sodio; Ortosif\u00f3n 4 %; Brezo 4 %; Tilo 4 %; Estearato de magnesio; Gliceril behenato; Cloruro de sodio; Harina de prote\u00edna de altramuz; Aceite de girasol.<\/p>\n<p><strong>ADITIVOS<\/strong><br \/>\nE460 Celulosa microcristalina; E551a \u00c1cido sil\u00edcico.<\/p>\n<p><strong>CONSTITUYENTES ANAL\u00cdTICOS<\/strong><br \/>\nProte\u00edna bruta 6,83 %; Fibra bruta 30,36 %; Grasas brutas 6,0 %; Cenizas brutas 8,94 %; Humedad 4,15 %.<\/p>\n","protected":false},"excerpt":{"rendered":"<p>Para una buena funci\u00f3n renal.<\/p>\n","protected":false},"featured_media":1206,"comment_status":"closed","ping_status":"closed","template":"","meta":{"_acf_changed":false},"product_brand":[],"product_cat":[51],"product_tag":[],"class_list":{"0":"post-1556","1":"product","2":"type-product","3":"status-publish","4":"has-post-thumbnail","6":"product_cat-nutricion","8":"first","9":"instock","10":"shipping-taxable","11":"purchasable","12":"product-type-simple"},"acf":[],"_links":{"self":[{"href":"https:\/\/mondopet-phytoitalia.it\/es\/wp-json\/wp\/v2\/product\/1556","targetHints":{"allow":["GET"]}}],"collection":[{"href":"https:\/\/mondopet-phytoitalia.it\/es\/wp-json\/wp\/v2\/product"}],"about":[{"href":"https:\/\/mondopet-phytoitalia.it\/es\/wp-json\/wp\/v2\/types\/product"}],"replies":[{"embeddable":true,"href":"https:\/\/mondopet-phytoitalia.it\/es\/wp-json\/wp\/v2\/comments?post=1556"}],"wp:featuredmedia":[{"embeddable":true,"href":"https:\/\/mondopet-phytoitalia.it\/es\/wp-json\/wp\/v2\/media\/1206"}],"wp:attachment":[{"href":"https:\/\/mondopet-phytoitalia.it\/es\/wp-json\/wp\/v2\/media?parent=1556"}],"wp:term":[{"taxonomy":"product_brand","embeddable":true,"href":"https:\/\/mondopet-phytoitalia.it\/es\/wp-json\/wp\/v2\/product_brand?post=1556"},{"taxonomy":"product_cat","embeddable":true,"href":"https:\/\/mondopet-phytoitalia.it\/es\/wp-json\/wp\/v2\/product_cat?post=1556"},{"taxonomy":"product_tag","embeddable":true,"href":"https:\/\/mondopet-phytoitalia.it\/es\/wp-json\/wp\/v2\/product_tag?post=1556"}],"curies":[{"name":"wp","href":"https:\/\/api.w.org\/{rel}","templated":true}]}}