{"id":1555,"date":"2025-02-20T23:31:04","date_gmt":"2025-02-20T23:31:04","guid":{"rendered":"https:\/\/mondopet.phytoitalia.it\/prodotto\/gastronut\/"},"modified":"2025-11-25T14:46:05","modified_gmt":"2025-11-25T14:46:05","slug":"gastronut","status":"publish","type":"product","link":"https:\/\/mondopet-phytoitalia.it\/es\/prodotto\/gastronut\/","title":{"rendered":"Gastronut"},"content":{"rendered":"<p>La n\u00e1usea, el v\u00f3mito y la falta de apetito pueden ser se\u00f1ales de un problema gastrointestinal. Los problemas digestivos no dependen solo de la alimentaci\u00f3n, sino de m\u00faltiples factores que a menudo causan inflamaciones digestivas, problemas de malabsorci\u00f3n de nutrientes y alteraciones del microbiota intestinal, con posibles episodios de diarrea o heces mal formadas.<\/p>\n<p>El Mastic de Qu\u00edos es la planta medicinal m\u00e1s utilizada para abordar los problemas del aparato gastrointestinal, y la EMA (Agencia Europea de Medicamentos) la reconoce como eficaz, seg\u00fan estudios cl\u00ednicos y no cl\u00ednicos, para todos los problemas de reflujo e inflamaci\u00f3n del tracto gastrointestinal.<\/p>\n<p>Gastronut no solo contiene Mastic, sino tambi\u00e9n otras plantas medicinales y probi\u00f3ticos capaces de garantizar la buena salud del aparato digestivo y restaurar la normalidad digestiva.<\/p>\n<p><strong>CARACTER\u00cdSTICAS E INDICACIONES<\/strong><\/p>\n<p>GASTRONUT es un alimento complementario diet\u00e9tico para perros y gatos destinado a apoyar la estabilizaci\u00f3n de la digesti\u00f3n fisiol\u00f3gica.<br \/>\nSu formulaci\u00f3n en comprimidos palatables con Hinojo, M\u00e1stique de Qu\u00edos y estabilizador de la flora intestinal \u2013 Enterococcus faecium \u2013 resulta \u00fatil en caso de riesgo de trastornos digestivos, durante los periodos en que dichos trastornos est\u00e9n presentes o durante la convalecencia.<\/p>\n<p><strong>MODO DE EMPLEO Y RACI\u00d3N DIARIA<\/strong><\/p>\n<p><strong>Perro<\/strong><br \/>\nHasta 10 kg: 1 comprimido<br \/>\n10\u201320 kg: 2 comprimidos<br \/>\n20\u201330 kg: 3 comprimidos<br \/>\n30\u201340 kg: 4 comprimidos<br \/>\nM\u00e1s de 40 kg: 5 comprimidos<\/p>\n<p><strong>Gato<\/strong><br \/>\nHasta 5 kg: \u00bd comprimido<br \/>\nM\u00e1s de 5 kg: 1 comprimido<\/p>\n<p><strong>ADVERTENCIAS<\/strong><br \/>\nConservar en lugar fresco y seco, lejos de fuentes de calor. No dispersar el envase en el medio ambiente. Mantener fuera del alcance de los ni\u00f1os.<\/p>\n<p><strong>CONTENIDO (Por 1 comprimido)<\/strong><br \/>\nHinojo 60 mg; M\u00e1stique de Qu\u00edos 40 mg; Lactobacillus helveticus HA-122 1,5\u00d710\u2079 cuerpos microbianos inactivados.<\/p>\n<p><strong>COMPOSICI\u00d3N<\/strong><br \/>\nLevaduras inactivadas; Pirofosfato de sodio; Hinojo 6 %; M\u00e1stique de Qu\u00edos 4 %; Estearato de magnesio; Gliceril behenato; Aceite de germen de trigo; Harina de linaza; Cloruro de sodio; Harina de prote\u00edna de altramuz; Maltodextrina; Lactobacillus helveticus HA-122 0,39 %; Aceite de girasol; Lactosa.<\/p>\n<p><strong>ADITIVOS<\/strong><br \/>\nEstabilizadores de flora intestinal: Enterococcus faecium DSM 10683 NCIMB 10415 (3,5\u00d710\u00b9\u2070 UFC\/kg)<br \/>\nAditivos tecnol\u00f3gicos: E460 Celulosa microcristalina; E551a \u00c1cido sil\u00edcico.<\/p>\n<p><strong>CONSTITUYENTES ANAL\u00cdTICOS<\/strong><br \/>\nProte\u00edna bruta 15,11 %; Fibra bruta 32,80 %; Grasas brutas 10,3 %; Cenizas brutas 10,45 %; Humedad 4,08 %.<\/p>\n","protected":false},"excerpt":{"rendered":"<p>El aliado de la buena digesti\u00f3n y la salud intestinal.<\/p>\n","protected":false},"featured_media":1221,"comment_status":"closed","ping_status":"closed","template":"","meta":{"_acf_changed":false},"product_brand":[],"product_cat":[51],"product_tag":[],"class_list":{"0":"post-1555","1":"product","2":"type-product","3":"status-publish","4":"has-post-thumbnail","6":"product_cat-nutricion","8":"first","9":"instock","10":"shipping-taxable","11":"purchasable","12":"product-type-simple"},"acf":[],"_links":{"self":[{"href":"https:\/\/mondopet-phytoitalia.it\/es\/wp-json\/wp\/v2\/product\/1555","targetHints":{"allow":["GET"]}}],"collection":[{"href":"https:\/\/mondopet-phytoitalia.it\/es\/wp-json\/wp\/v2\/product"}],"about":[{"href":"https:\/\/mondopet-phytoitalia.it\/es\/wp-json\/wp\/v2\/types\/product"}],"replies":[{"embeddable":true,"href":"https:\/\/mondopet-phytoitalia.it\/es\/wp-json\/wp\/v2\/comments?post=1555"}],"wp:featuredmedia":[{"embeddable":true,"href":"https:\/\/mondopet-phytoitalia.it\/es\/wp-json\/wp\/v2\/media\/1221"}],"wp:attachment":[{"href":"https:\/\/mondopet-phytoitalia.it\/es\/wp-json\/wp\/v2\/media?parent=1555"}],"wp:term":[{"taxonomy":"product_brand","embeddable":true,"href":"https:\/\/mondopet-phytoitalia.it\/es\/wp-json\/wp\/v2\/product_brand?post=1555"},{"taxonomy":"product_cat","embeddable":true,"href":"https:\/\/mondopet-phytoitalia.it\/es\/wp-json\/wp\/v2\/product_cat?post=1555"},{"taxonomy":"product_tag","embeddable":true,"href":"https:\/\/mondopet-phytoitalia.it\/es\/wp-json\/wp\/v2\/product_tag?post=1555"}],"curies":[{"name":"wp","href":"https:\/\/api.w.org\/{rel}","templated":true}]}}