{"id":1554,"date":"2025-02-20T23:31:54","date_gmt":"2025-02-20T23:31:54","guid":{"rendered":"https:\/\/mondopet.phytoitalia.it\/prodotto\/artinut\/"},"modified":"2025-11-25T14:44:01","modified_gmt":"2025-11-25T14:44:01","slug":"artinut","status":"publish","type":"product","link":"https:\/\/mondopet-phytoitalia.it\/es\/prodotto\/artinut\/","title":{"rendered":"Artinut"},"content":{"rendered":"<p>El envejecimiento afecta tanto a los humanos como a los animales de compa\u00f1\u00eda. Con el tiempo, pueden aparecer problemas articulares, inflamaciones incapacitantes, condiciones artr\u00f3sicas y osteopenias.<\/p>\n<p>Todo esto se agrava debido a la predisposici\u00f3n de cada raza y a las condiciones de vida y el entorno en el que vive nuestro amigo fiel. Los huesos, tendones y tejidos conectivos necesitan silicio para mantener el col\u00e1geno y la elastina existentes y para ayudar a fijar el calcio en los huesos.<\/p>\n<p>Artinut contiene el silicio m\u00e1s absorbible, seg\u00fan estudios cient\u00edficos publicados, as\u00ed como una mezcla de plantas medicinales \u00fatiles para la salud \u00f3sea y cartilaginosa, evitando inflamaciones y problemas estructurales.<\/p>\n<p><strong>INDICACIONES DE USO<\/strong><br \/>\nARTINUT es un alimento complementario para perros formulado en comprimidos palatables con Bamb\u00fa, COLLASIL OSA\u00ae (complejo de col\u00e1geno y \u00e1cido sil\u00edcico), Avocadoflex\u00ae (fracci\u00f3n insaponificable de aguacate y soja), Vitamina D y extracto de Boswellia para favorecer la funci\u00f3n normal de las estructuras articulares. El producto es adecuado para animales de edad avanzada o sometidos a actividad f\u00edsica intensa.<\/p>\n<p><strong>MODO DE EMPLEO Y RACI\u00d3N DIARIA<\/strong><br \/>\nPeso del animal \u2013 Raci\u00f3n recomendada<\/p>\n<p>Hasta 10 kg: 1 comprimido<br \/>\n10\u201320 kg: 2 comprimidos<br \/>\n20\u201330 kg: 3 comprimidos<br \/>\n30\u201340 kg: 4 comprimidos<br \/>\nM\u00e1s de 40 kg: 5 comprimidos<\/p>\n<p>Administrar directamente en la boca del animal o mezclar con un alimento apetente. Completar la raci\u00f3n diaria con el alimento habitual. Dejar siempre agua fresca a disposici\u00f3n.<\/p>\n<p><strong>CONTENIDO (Por 1 comprimido de 1000 mg)<\/strong><br \/>\nPolvo de bamb\u00fa manna: 160 mg; COLLASIL OSA\u00ae \u2013 complejo col\u00e1geno\/\u00e1cido sil\u00edcico 100 mg; Col\u00e1geno 90 mg, \u00c1cido sil\u00edcico 5 mg; Avocadoflex\u00ae \u2013 fracci\u00f3n insaponificable de aguacate y soja 40 mg; Vitamina D: 16 UI<\/p>\n<p><strong>ADVERTENCIAS<\/strong><br \/>\nConservar en lugar fresco y seco, lejos de fuentes de calor. No dispersar el envase en el medio ambiente. Mantener fuera del alcance de los ni\u00f1os.<\/p>\n<p><strong>COMPOSICI\u00d3N<\/strong><br \/>\nBamb\u00fa (Bambusa arundinacea), 16 %; Levaduras inactivadas (levadura de cerveza); Col\u00e1geno (origen marino) 9 %; Pirofosfato de sodio;<br \/>\nFracciones insaponificables de aguacate (Persea gratissima) y soja (Glycine max) 4 %; Estearato de magnesio; Gliceril behenato; Cloruro de sodio; Harina de prote\u00ednas de altramuz; Aceite de girasol; Sacarosa; Almid\u00f3n de ma\u00edz; \u00c1cidos grasos esterificados con glicerol (\u00e1cido c\u00e1prico, \u00e1cido capr\u00edlico).<\/p>\n<p><strong>ADITIVOS<\/strong><br \/>\nAditivos nutricionales: 3a671 Vitamina D 160.000 UI\/kg<br \/>\nAditivos organol\u00e9pticos: Extracto de Boswellia (40.000 mg\/kg)<br \/>\nAditivos tecnol\u00f3gicos: E460 Celulosa microcristalina; E551b S\u00edlice coloidal; E551a \u00c1cido sil\u00edcico precipitado y secado; E414 Goma ar\u00e1biga; 1b307 Alfa-tocoferol.<\/p>\n<p><strong>CONSTITUYENTES ANAL\u00cdTICOS<\/strong><br \/>\nProte\u00edna bruta 15,75 %; Fibra bruta 34,18 %; Grasas brutas 7,8 %; Cenizas brutas 21,6 %; Humedad 3,55 %.<\/p>\n","protected":false},"excerpt":{"rendered":"<p>La armadura natural para defender las articulaciones.<\/p>\n","protected":false},"featured_media":1209,"comment_status":"closed","ping_status":"closed","template":"","meta":{"_acf_changed":false},"product_brand":[],"product_cat":[51],"product_tag":[],"class_list":{"0":"post-1554","1":"product","2":"type-product","3":"status-publish","4":"has-post-thumbnail","6":"product_cat-nutricion","8":"first","9":"instock","10":"shipping-taxable","11":"purchasable","12":"product-type-simple"},"acf":[],"_links":{"self":[{"href":"https:\/\/mondopet-phytoitalia.it\/es\/wp-json\/wp\/v2\/product\/1554","targetHints":{"allow":["GET"]}}],"collection":[{"href":"https:\/\/mondopet-phytoitalia.it\/es\/wp-json\/wp\/v2\/product"}],"about":[{"href":"https:\/\/mondopet-phytoitalia.it\/es\/wp-json\/wp\/v2\/types\/product"}],"replies":[{"embeddable":true,"href":"https:\/\/mondopet-phytoitalia.it\/es\/wp-json\/wp\/v2\/comments?post=1554"}],"wp:featuredmedia":[{"embeddable":true,"href":"https:\/\/mondopet-phytoitalia.it\/es\/wp-json\/wp\/v2\/media\/1209"}],"wp:attachment":[{"href":"https:\/\/mondopet-phytoitalia.it\/es\/wp-json\/wp\/v2\/media?parent=1554"}],"wp:term":[{"taxonomy":"product_brand","embeddable":true,"href":"https:\/\/mondopet-phytoitalia.it\/es\/wp-json\/wp\/v2\/product_brand?post=1554"},{"taxonomy":"product_cat","embeddable":true,"href":"https:\/\/mondopet-phytoitalia.it\/es\/wp-json\/wp\/v2\/product_cat?post=1554"},{"taxonomy":"product_tag","embeddable":true,"href":"https:\/\/mondopet-phytoitalia.it\/es\/wp-json\/wp\/v2\/product_tag?post=1554"}],"curies":[{"name":"wp","href":"https:\/\/api.w.org\/{rel}","templated":true}]}}