{"id":1553,"date":"2025-02-20T23:32:30","date_gmt":"2025-02-20T23:32:30","guid":{"rendered":"https:\/\/mondopet.phytoitalia.it\/prodotto\/dermanut\/"},"modified":"2025-11-25T14:42:04","modified_gmt":"2025-11-25T14:42:04","slug":"dermanut","status":"publish","type":"product","link":"https:\/\/mondopet-phytoitalia.it\/es\/prodotto\/dermanut\/","title":{"rendered":"Dermanut"},"content":{"rendered":"<p>\u00bfCu\u00e1ntas veces vemos enrojecerse la piel de nuestra mascota? \u00bfReacci\u00f3n al\u00e9rgica? \u00bfIntolerancia alimentaria? \u00bfReacci\u00f3n a picaduras de insectos? Las causas son m\u00faltiples, pero existe una soluci\u00f3n natural para estas formas de picor que a menudo llevan al animal a rascarse y empeorar la situaci\u00f3n. Algunas plantas medicinales son capaces de contrarrestar las reacciones al\u00e9rgicas, mejorar la tolerancia a los alimentos ingeridos y reducir la inflamaci\u00f3n y el picor cut\u00e1neo.<\/p>\n<p>Dermanut es la mejor f\u00f3rmula exclusivamente natural capaz de mantener la piel y el pelaje de nuestros compa\u00f1eros del coraz\u00f3n en perfecto estado de salud, evitando que se rasquen continuamente y agraven la inflamaci\u00f3n existente.<\/p>\n<p>En casos importantes, se recomienda combinar su uso con Allernut.<\/p>\n<p><strong>INDICACIONES DE USO<\/strong><\/p>\n<p>DERMANUT es un alimento complementario diet\u00e9tico para perros y gatos destinado a fines nutricionales espec\u00edficos como apoyo de la funci\u00f3n d\u00e9rmica en casos de dermatosis y p\u00e9rdida excesiva de pelo. Dermanut est\u00e1 formulado con un nivel elevado de \u00e1cido linoleico procedente de aceite de grosella negra y aceite de lino, y con una combinaci\u00f3n de \u00e1cido eicosapentaenoico (EPA) y \u00e1cido docosahexaenoico (DHA) procedentes de aceite de pescado y aceite de salm\u00f3n. El contenido en vitamina E y zinc favorece el trofismo normal de la piel y sus anexos. El uso de la jeringa multidosis permite una administraci\u00f3n diaria f\u00e1cil.<\/p>\n<p><strong>MODO DE EMPLEO Y RACI\u00d3N DIARIA<\/strong><\/p>\n<p><strong>Perro<\/strong><br \/>\nHasta 10 kg: 1 ml<br \/>\n10\u201320 kg: 2,5 ml<br \/>\n20\u201330 kg: 5 ml<br \/>\nM\u00e1s de 30 kg: 7,5 ml<\/p>\n<p><strong>Gato<\/strong><br \/>\n1 ml<\/p>\n<p>Extraer la raci\u00f3n diaria indicada con la jeringa y administrar directamente en la boca del animal o mezclar con un alimento apetente. Per\u00edodo de uso recomendado: inicialmente hasta 2 meses. Completar la raci\u00f3n diaria con el alimento habitual. Dejar siempre agua fresca a disposici\u00f3n. Se recomienda consultar al veterinario antes del uso. Nota: comprobar la raci\u00f3n diaria correcta.<\/p>\n<p><strong>CONSTITUYENTES ANAL\u00cdTICOS<\/strong><br \/>\nProte\u00edna bruta 0,188 %; Fibra bruta 0,271 %; Grasas brutas 98 %; Cenizas brutas 1,055 %; Humedad 0,1681 %.<\/p>\n<p><strong>ADVERTENCIAS<\/strong><br \/>\nAgitar el frasco antes de cada uso. Lavar cuidadosamente la jeringa despu\u00e9s de cada uso. Conservar en lugar fresco y seco, alejado de fuentes de calor.<br \/>\nLa fecha de caducidad se refiere al producto sin abrir y correctamente conservado. No arrojar el envase al medio ambiente. Mantener fuera de la vista y del alcance de los ni\u00f1os.<\/p>\n<p><strong>COMPOSICI\u00d3N<\/strong><br \/>\nAceites y grasas vegetales (aceite de girasol refinado), Aceite de pescado (aceite de salm\u00f3n) 21 %, Aceites y grasas vegetales (aceite de semillas de grosella negra refinado \u2013 Ribes nigrum L. \u2013 16 %, aceite de semillas de lino refinado \u2013 Linum usitatissimum L. \u2013 8 %), Aceite de pescado (18 % EPA \u2013 12 % DHA) 4 %, Aceites y grasas vegetales (aceite de colza).<\/p>\n<p><strong>ADITIVOS<\/strong><br \/>\nAditivos nutricionales: Vitamina E (3a700) 34.782,6 mg\/kg;<br \/>\nOligoelementos: Zinc quelado de glicina hidratado 4.347,8 mg\/kg (Zinc 1.139 mg\/kg)<br \/>\nAditivos organol\u00e9pticos: Extracto de romero (Rosmarinus officinalis L.) 5.978,2 mg\/kg<br \/>\nAditivos tecnol\u00f3gicos: Silicio coloidal E551b; Extractos ricos en tocoferoles de aceites vegetales.<\/p>\n<p><strong>APORTES POR 1 ml<\/strong><br \/>\nAceite de salm\u00f3n 200 mg; Aceite de grosella negra 147,2 mg; Aceite de lino 73,6 mg; Aceite de pescado 36,8 mg; Vitamina E 32 mg; Zinc 1 mg.<\/p>\n","protected":false},"excerpt":{"rendered":"<p>La soluci\u00f3n natural ganadora para los problemas de piel y pelaje.<\/p>\n","protected":false},"featured_media":1215,"comment_status":"closed","ping_status":"closed","template":"","meta":{"_acf_changed":false},"product_brand":[],"product_cat":[51],"product_tag":[],"class_list":{"0":"post-1553","1":"product","2":"type-product","3":"status-publish","4":"has-post-thumbnail","6":"product_cat-nutricion","8":"first","9":"instock","10":"shipping-taxable","11":"purchasable","12":"product-type-simple"},"acf":[],"_links":{"self":[{"href":"https:\/\/mondopet-phytoitalia.it\/es\/wp-json\/wp\/v2\/product\/1553","targetHints":{"allow":["GET"]}}],"collection":[{"href":"https:\/\/mondopet-phytoitalia.it\/es\/wp-json\/wp\/v2\/product"}],"about":[{"href":"https:\/\/mondopet-phytoitalia.it\/es\/wp-json\/wp\/v2\/types\/product"}],"replies":[{"embeddable":true,"href":"https:\/\/mondopet-phytoitalia.it\/es\/wp-json\/wp\/v2\/comments?post=1553"}],"wp:featuredmedia":[{"embeddable":true,"href":"https:\/\/mondopet-phytoitalia.it\/es\/wp-json\/wp\/v2\/media\/1215"}],"wp:attachment":[{"href":"https:\/\/mondopet-phytoitalia.it\/es\/wp-json\/wp\/v2\/media?parent=1553"}],"wp:term":[{"taxonomy":"product_brand","embeddable":true,"href":"https:\/\/mondopet-phytoitalia.it\/es\/wp-json\/wp\/v2\/product_brand?post=1553"},{"taxonomy":"product_cat","embeddable":true,"href":"https:\/\/mondopet-phytoitalia.it\/es\/wp-json\/wp\/v2\/product_cat?post=1553"},{"taxonomy":"product_tag","embeddable":true,"href":"https:\/\/mondopet-phytoitalia.it\/es\/wp-json\/wp\/v2\/product_tag?post=1553"}],"curies":[{"name":"wp","href":"https:\/\/api.w.org\/{rel}","templated":true}]}}