{"id":1552,"date":"2025-02-20T23:33:24","date_gmt":"2025-02-20T23:33:24","guid":{"rendered":"https:\/\/mondopet.phytoitalia.it\/prodotto\/allernut\/"},"modified":"2025-11-25T14:39:22","modified_gmt":"2025-11-25T14:39:22","slug":"allernut","status":"publish","type":"product","link":"https:\/\/mondopet-phytoitalia.it\/es\/prodotto\/allernut\/","title":{"rendered":"Allernut"},"content":{"rendered":"<p><strong>INDICACIONES DE USO<\/strong><\/p>\n<p>ALLERNUT es un alimento complementario para perros y gatos, en comprimidos palatables que contienen Perilla, Eschscholtzia, Pensamiento silvestre, Desmodium, Llant\u00e9n y extracto de Bardana para favorecer el bienestar del pelaje y la piel. La f\u00f3rmula, libre de ingredientes de origen animal, es adecuada para animales con intolerancias alimentarias o con dietas controladas (como las dietas de exclusi\u00f3n).<\/p>\n<p><strong>MODO DE EMPLEO Y RACI\u00d3N DIARIA<\/strong><br \/>\nPeso del animal Dosis diaria recomendada<\/p>\n<p><strong>Perro<\/strong><br \/>\nHasta 10 kg 1 comprimido<br \/>\n10\u201320 kg 2 comprimidos<br \/>\n20\u201330 kg 3 comprimidos<br \/>\n30\u201340 kg 4 comprimidos<br \/>\nM\u00e1s de 40 kg 5 comprimidos<\/p>\n<p><strong>Gato<\/strong><br \/>\nHasta 5 kg \u00bd comprimido<br \/>\nM\u00e1s de 5 kg 1 comprimido<\/p>\n<p>Administrar directamente en la boca del animal o mezclar con el alimento. Completar la raci\u00f3n diaria con su comida habitual. Dejar siempre agua fresca a disposici\u00f3n.<\/p>\n<p><strong>CONSTITUYENTES ANAL\u00cdTICOS<\/strong><br \/>\nProte\u00edna bruta 9,75%, Fibra bruta 41,51%, Grasas brutas 4,05%, Cenizas brutas 12,19%, Humedad 3,81%<\/p>\n<p><strong>ADVERTENCIAS<\/strong><br \/>\nConservar en un lugar fresco y seco, alejado de fuentes de calor. La fecha de caducidad se refiere al producto sin abrir y correctamente almacenado. No desechar el envase en el medio ambiente. Mantener fuera del alcance de los ni\u00f1os.<\/p>\n<p><strong>CONTENIDO (por comprimido de 1000 mg)<\/strong><br \/>\nExtracto de Bardana 60 mg<br \/>\nPerilla (hoja en polvo) 40 mg<br \/>\nEschscholtzia (parte a\u00e9rea con flores) 40 mg<br \/>\nPensamiento silvestre (parte a\u00e9rea con flores) 40 mg<br \/>\nDesmodium (hoja en polvo) 40 mg<br \/>\nLlant\u00e9n (hoja en polvo) 40 mg<\/p>\n<p><strong>COMPOSICI\u00d3N<\/strong><br \/>\nLevaduras inactivadas (levadura de cerveza), Pirofosfato de sodio, Productos vegetales transformados: Perilla 4 %, Eschscholtzia 4 %, Pensamiento silvestre 4 %, Desmodium 4 %, Llant\u00e9n 4 %, Estearato de magnesio, Mono-, di- y triglic\u00e9ridos de \u00e1cidos grasos (behenato de glicerilo), Cloruro de sodio, Harina de prote\u00edna de altramuz, Aceites y grasas vegetales (aceite de girasol)<\/p>\n<p><strong>ADITIVOS<\/strong><br \/>\nAditivos sensoriales: Productos bot\u00e1nicos naturales: Bardana (Arctium lappa L.) 60.000 mg\/kg<br \/>\nAditivos tecnol\u00f3gicos: E460 Celulosa microcristalina, E551a \u00c1cido sil\u00edcico, precipitado y secado<\/p>\n<p>&nbsp;<\/p>\n","protected":false},"excerpt":{"rendered":"<p>La intervenci\u00f3n r\u00e1pida para las dermatosis<\/p>\n","protected":false},"featured_media":1212,"comment_status":"closed","ping_status":"closed","template":"","meta":{"_acf_changed":false},"product_brand":[],"product_cat":[51],"product_tag":[],"class_list":{"0":"post-1552","1":"product","2":"type-product","3":"status-publish","4":"has-post-thumbnail","6":"product_cat-nutricion","8":"first","9":"instock","10":"shipping-taxable","11":"purchasable","12":"product-type-simple"},"acf":[],"_links":{"self":[{"href":"https:\/\/mondopet-phytoitalia.it\/es\/wp-json\/wp\/v2\/product\/1552","targetHints":{"allow":["GET"]}}],"collection":[{"href":"https:\/\/mondopet-phytoitalia.it\/es\/wp-json\/wp\/v2\/product"}],"about":[{"href":"https:\/\/mondopet-phytoitalia.it\/es\/wp-json\/wp\/v2\/types\/product"}],"replies":[{"embeddable":true,"href":"https:\/\/mondopet-phytoitalia.it\/es\/wp-json\/wp\/v2\/comments?post=1552"}],"wp:featuredmedia":[{"embeddable":true,"href":"https:\/\/mondopet-phytoitalia.it\/es\/wp-json\/wp\/v2\/media\/1212"}],"wp:attachment":[{"href":"https:\/\/mondopet-phytoitalia.it\/es\/wp-json\/wp\/v2\/media?parent=1552"}],"wp:term":[{"taxonomy":"product_brand","embeddable":true,"href":"https:\/\/mondopet-phytoitalia.it\/es\/wp-json\/wp\/v2\/product_brand?post=1552"},{"taxonomy":"product_cat","embeddable":true,"href":"https:\/\/mondopet-phytoitalia.it\/es\/wp-json\/wp\/v2\/product_cat?post=1552"},{"taxonomy":"product_tag","embeddable":true,"href":"https:\/\/mondopet-phytoitalia.it\/es\/wp-json\/wp\/v2\/product_tag?post=1552"}],"curies":[{"name":"wp","href":"https:\/\/api.w.org\/{rel}","templated":true}]}}