{"id":1244,"date":"2025-02-20T16:08:33","date_gmt":"2025-02-20T16:08:33","guid":{"rendered":"https:\/\/mondopet.phytoitalia.it\/revista\/"},"modified":"2025-03-25T10:19:38","modified_gmt":"2025-03-25T10:19:38","slug":"revista","status":"publish","type":"page","link":"https:\/\/mondopet-phytoitalia.it\/es\/revista\/","title":{"rendered":"Revista"},"content":{"rendered":"\t\t<div data-elementor-type=\"wp-page\" data-elementor-id=\"1244\" class=\"elementor elementor-1244 elementor-105\" data-elementor-post-type=\"page\">\n\t\t\t\t<div class=\"elementor-element elementor-element-12e0aed e-con-full e-flex e-con e-parent\" data-id=\"12e0aed\" data-element_type=\"container\" data-e-type=\"container\" data-settings=\"{&quot;background_background&quot;:&quot;classic&quot;}\">\n\t\t<div class=\"elementor-element elementor-element-6b36e6e e-flex e-con-boxed e-con e-child\" data-id=\"6b36e6e\" data-element_type=\"container\" data-e-type=\"container\">\n\t\t\t\t\t<div class=\"e-con-inner\">\n\t\t<div class=\"elementor-element elementor-element-88404be e-con-full e-flex e-con e-child\" data-id=\"88404be\" data-element_type=\"container\" data-e-type=\"container\">\n\t\t\t\t<div class=\"elementor-element elementor-element-18a9cbc elementor-widget elementor-widget-button\" data-id=\"18a9cbc\" data-element_type=\"widget\" data-e-type=\"widget\" data-widget_type=\"button.default\">\n\t\t\t\t<div class=\"elementor-widget-container\">\n\t\t\t\t\t\t\t\t\t<div class=\"elementor-button-wrapper\">\n\t\t\t\t\t<a class=\"elementor-button elementor-size-sm\" role=\"button\">\n\t\t\t\t\t\t<span class=\"elementor-button-content-wrapper\">\n\t\t\t\t\t\t\t\t\t<span class=\"elementor-button-text\">Revista<\/span>\n\t\t\t\t\t<\/span>\n\t\t\t\t\t<\/a>\n\t\t\t\t<\/div>\n\t\t\t\t\t\t\t\t<\/div>\n\t\t\t\t<\/div>\n\t\t\t\t<div class=\"elementor-element elementor-element-97627ee title-underline elementor-widget elementor-widget-heading\" data-id=\"97627ee\" data-element_type=\"widget\" data-e-type=\"widget\" data-widget_type=\"heading.default\">\n\t\t\t\t<div class=\"elementor-widget-container\">\n\t\t\t\t\t<h1 class=\"elementor-heading-title elementor-size-default\">Nuestra <u>revista<\/u><\/h1>\t\t\t\t<\/div>\n\t\t\t\t<\/div>\n\t\t\t\t<div class=\"elementor-element elementor-element-fa2887c elementor-widget elementor-widget-text-editor\" data-id=\"fa2887c\" data-element_type=\"widget\" data-e-type=\"widget\" data-widget_type=\"text-editor.default\">\n\t\t\t\t<div class=\"elementor-widget-container\">\n\t\t\t\t\t\t\t\t\t<p>\u00a1Bienvenido\/a al magazine de Mondo Pet!<br \/>Aqu\u00ed encontrar\u00e1s cada semana contenidos profesionales y especializados dedicados<br \/>a la salud y el bienestar psicof\u00edsico de tu amigo de cuatro patas.<\/p>\t\t\t\t\t\t\t\t<\/div>\n\t\t\t\t<\/div>\n\t\t\t\t<\/div>\n\t\t<div class=\"elementor-element elementor-element-f9db6ee e-con-full e-flex e-con e-child\" data-id=\"f9db6ee\" data-element_type=\"container\" data-e-type=\"container\">\n\t\t\t\t<div class=\"elementor-element elementor-element-e218d4d elementor-widget elementor-widget-image\" data-id=\"e218d4d\" data-element_type=\"widget\" data-e-type=\"widget\" data-widget_type=\"image.default\">\n\t\t\t\t<div class=\"elementor-widget-container\">\n\t\t\t\t\t\t\t\t\t\t\t\t\t\t\t<img fetchpriority=\"high\" decoding=\"async\" width=\"1000\" height=\"625\" src=\"https:\/\/mondopet-phytoitalia.it\/wp-content\/uploads\/2025\/02\/AdobeStock_547132394_contatti.png\" class=\"attachment-full size-full wp-image-1158\" alt=\"\" srcset=\"https:\/\/mondopet-phytoitalia.it\/wp-content\/uploads\/2025\/02\/AdobeStock_547132394_contatti.png 1000w, https:\/\/mondopet-phytoitalia.it\/wp-content\/uploads\/2025\/02\/AdobeStock_547132394_contatti-300x188.png 300w, https:\/\/mondopet-phytoitalia.it\/wp-content\/uploads\/2025\/02\/AdobeStock_547132394_contatti-768x480.png 768w, https:\/\/mondopet-phytoitalia.it\/wp-content\/uploads\/2025\/02\/AdobeStock_547132394_contatti-600x375.png 600w\" sizes=\"(max-width: 1000px) 100vw, 1000px\" \/>\t\t\t\t\t\t\t\t\t\t\t\t\t\t\t<\/div>\n\t\t\t\t<\/div>\n\t\t\t\t<\/div>\n\t\t\t\t\t<\/div>\n\t\t\t\t<\/div>\n\t\t\t\t<\/div>\n\t\t<div class=\"elementor-element elementor-element-d691127 e-con-full e-flex e-con e-parent\" data-id=\"d691127\" data-element_type=\"container\" data-e-type=\"container\" data-settings=\"{&quot;background_background&quot;:&quot;classic&quot;}\">\n\t\t<div class=\"elementor-element elementor-element-a7bcaf7 e-flex e-con-boxed e-con e-child\" data-id=\"a7bcaf7\" data-element_type=\"container\" data-e-type=\"container\">\n\t\t\t\t\t<div class=\"e-con-inner\">\n\t\t<div class=\"elementor-element elementor-element-ba758d9 e-con-full e-flex e-con e-child\" data-id=\"ba758d9\" data-element_type=\"container\" data-e-type=\"container\">\n\t\t<div class=\"elementor-element elementor-element-8d6ac22 e-con-full e-flex e-con e-child\" data-id=\"8d6ac22\" data-element_type=\"container\" data-e-type=\"container\">\n\t\t<div class=\"elementor-element elementor-element-d9dbd4e e-con-full e-flex e-con e-child\" data-id=\"d9dbd4e\" data-element_type=\"container\" data-e-type=\"container\">\n\t\t\t\t<div class=\"elementor-element elementor-element-1019ee8 elementor-grid-3 elementor-grid-tablet-2 elementor-grid-mobile-1 elementor-widget elementor-widget-loop-grid\" data-id=\"1019ee8\" data-element_type=\"widget\" data-e-type=\"widget\" data-settings=\"{&quot;template_id&quot;:1310,&quot;pagination_type&quot;:&quot;numbers&quot;,&quot;_skin&quot;:&quot;post&quot;,&quot;columns&quot;:&quot;3&quot;,&quot;columns_tablet&quot;:&quot;2&quot;,&quot;columns_mobile&quot;:&quot;1&quot;,&quot;edit_handle_selector&quot;:&quot;[data-elementor-type=\\&quot;loop-item\\&quot;]&quot;,&quot;pagination_load_type&quot;:&quot;page_reload&quot;,&quot;row_gap&quot;:{&quot;unit&quot;:&quot;px&quot;,&quot;size&quot;:&quot;&quot;,&quot;sizes&quot;:[]},&quot;row_gap_laptop&quot;:{&quot;unit&quot;:&quot;px&quot;,&quot;size&quot;:&quot;&quot;,&quot;sizes&quot;:[]},&quot;row_gap_tablet_extra&quot;:{&quot;unit&quot;:&quot;px&quot;,&quot;size&quot;:&quot;&quot;,&quot;sizes&quot;:[]},&quot;row_gap_tablet&quot;:{&quot;unit&quot;:&quot;px&quot;,&quot;size&quot;:&quot;&quot;,&quot;sizes&quot;:[]},&quot;row_gap_mobile&quot;:{&quot;unit&quot;:&quot;px&quot;,&quot;size&quot;:&quot;&quot;,&quot;sizes&quot;:[]}}\" data-widget_type=\"loop-grid.post\">\n\t\t\t\t<div class=\"elementor-widget-container\">\n\t\t\t\t\t\t\t<div class=\"elementor-loop-container elementor-grid\" role=\"list\">\n\t\t<style id=\"loop-1310\">.elementor-1310 .elementor-element.elementor-element-41a45eb{--display:flex;--flex-direction:column;--container-widget-width:100%;--container-widget-height:initial;--container-widget-flex-grow:0;--container-widget-align-self:initial;--flex-wrap-mobile:wrap;--gap:0px 0px;--row-gap:0px;--column-gap:0px;--border-radius:25px 25px 25px 25px;--padding-top:0px;--padding-bottom:0px;--padding-left:0px;--padding-right:0px;}.elementor-1310 .elementor-element.elementor-element-41a45eb:not(.elementor-motion-effects-element-type-background), .elementor-1310 .elementor-element.elementor-element-41a45eb > .elementor-motion-effects-container > .elementor-motion-effects-layer{background-color:#F5F8BC;}.elementor-1310 .elementor-element.elementor-element-41a45eb:hover{box-shadow:0px 0px 10px 0px rgba(0,0,0,0.5);}.elementor-widget-theme-post-featured-image .widget-image-caption{color:var( --e-global-color-text );font-family:var( --e-global-typography-text-font-family ), Sans-serif;font-weight:var( --e-global-typography-text-font-weight );}.elementor-1310 .elementor-element.elementor-element-9b7f739 img{border-radius:25px 25px 0px 0px;}.elementor-1310 .elementor-element.elementor-element-aa94755{--display:flex;--padding-top:30px;--padding-bottom:30px;--padding-left:20px;--padding-right:20px;}.elementor-widget-post-info .elementor-icon-list-item:not(:last-child):after{border-color:var( --e-global-color-text );}.elementor-widget-post-info .elementor-icon-list-icon i{color:var( --e-global-color-primary );}.elementor-widget-post-info .elementor-icon-list-icon svg{fill:var( --e-global-color-primary );}.elementor-widget-post-info .elementor-icon-list-text, .elementor-widget-post-info .elementor-icon-list-text a{color:var( --e-global-color-secondary );}.elementor-widget-post-info .elementor-icon-list-item{font-family:var( --e-global-typography-text-font-family ), Sans-serif;font-weight:var( --e-global-typography-text-font-weight );}.elementor-1310 .elementor-element.elementor-element-5f615c0 .elementor-icon-list-icon{width:14px;}.elementor-1310 .elementor-element.elementor-element-5f615c0 .elementor-icon-list-icon i{font-size:14px;}.elementor-1310 .elementor-element.elementor-element-5f615c0 .elementor-icon-list-icon svg{--e-icon-list-icon-size:14px;}.elementor-1310 .elementor-element.elementor-element-5f615c0 .elementor-icon-list-text, .elementor-1310 .elementor-element.elementor-element-5f615c0 .elementor-icon-list-text a{color:#FFFFFF;}.elementor-1310 .elementor-element.elementor-element-5f615c0 .elementor-icon-list-item{font-family:\"Manrope\", Sans-serif;font-size:14px;font-weight:500;text-transform:uppercase;}.elementor-widget-theme-post-title .elementor-heading-title{font-family:var( --e-global-typography-primary-font-family ), Sans-serif;font-weight:var( --e-global-typography-primary-font-weight );color:var( --e-global-color-primary );}.elementor-1310 .elementor-element.elementor-element-60f468f .elementor-heading-title{font-family:\"Manrope\", Sans-serif;font-size:24px;font-weight:700;color:#3D3D3D;}.elementor-widget-theme-post-excerpt .elementor-widget-container{font-family:var( --e-global-typography-text-font-family ), Sans-serif;font-weight:var( --e-global-typography-text-font-weight );color:var( --e-global-color-text );}.elementor-1310 .elementor-element.elementor-element-fa21d6a .elementor-widget-container{font-family:\"Manrope\", Sans-serif;font-size:18px;font-weight:400;line-height:26px;color:#3D3D3D;}<\/style>\t\t<div data-elementor-type=\"loop-item\" data-elementor-id=\"1310\" class=\"elementor elementor-1310 elementor-563 elementor-563 e-loop-item e-loop-item-2027 post-2027 post type-post status-publish format-standard has-post-thumbnail hentry category-salute-es\" data-elementor-post-type=\"elementor_library\" data-custom-edit-handle=\"1\">\n\t\t\t<a class=\"elementor-element elementor-element-41a45eb e-flex e-con-boxed e-con e-parent\" data-id=\"41a45eb\" data-element_type=\"container\" data-e-type=\"container\" data-settings=\"{&quot;background_background&quot;:&quot;classic&quot;}\" href=\"https:\/\/mondopet-phytoitalia.it\/es\/primavera-in-sicurezza-proteggi-il-tuo-amico-a-4-zampe-da-parassiti-e-pericoli-nascosti\/\">\n\t\t\t\t\t<div class=\"e-con-inner\">\n\t\t\t\t<div class=\"elementor-element elementor-element-9b7f739 elementor-widget elementor-widget-theme-post-featured-image elementor-widget-image\" data-id=\"9b7f739\" data-element_type=\"widget\" data-e-type=\"widget\" data-widget_type=\"theme-post-featured-image.default\">\n\t\t\t\t<div class=\"elementor-widget-container\">\n\t\t\t\t\t\t\t\t\t\t\t\t\t\t\t<img decoding=\"async\" width=\"750\" height=\"489\" src=\"https:\/\/mondopet-phytoitalia.it\/wp-content\/uploads\/2025\/04\/mondopet-immagine-prevenzione-primavera.png\" class=\"attachment-full size-full wp-image-2084\" alt=\"Primavera in sicurezza\" srcset=\"https:\/\/mondopet-phytoitalia.it\/wp-content\/uploads\/2025\/04\/mondopet-immagine-prevenzione-primavera.png 750w, https:\/\/mondopet-phytoitalia.it\/wp-content\/uploads\/2025\/04\/mondopet-immagine-prevenzione-primavera-300x196.png 300w, https:\/\/mondopet-phytoitalia.it\/wp-content\/uploads\/2025\/04\/mondopet-immagine-prevenzione-primavera-600x391.png 600w\" sizes=\"(max-width: 750px) 100vw, 750px\" \/>\t\t\t\t\t\t\t\t\t\t\t\t\t\t\t<\/div>\n\t\t\t\t<\/div>\n\t\t<div class=\"elementor-element elementor-element-aa94755 e-con-full e-flex e-con e-child\" data-id=\"aa94755\" data-element_type=\"container\" data-e-type=\"container\">\n\t\t\t\t<div class=\"elementor-element elementor-element-5f615c0 category elementor-widget elementor-widget-post-info\" data-id=\"5f615c0\" data-element_type=\"widget\" data-e-type=\"widget\" data-widget_type=\"post-info.default\">\n\t\t\t\t<div class=\"elementor-widget-container\">\n\t\t\t\t\t\t\t<ul class=\"elementor-inline-items elementor-icon-list-items elementor-post-info\">\n\t\t\t\t\t\t\t\t<li class=\"elementor-icon-list-item elementor-repeater-item-1d05f4f elementor-inline-item\" itemprop=\"about\">\n\t\t\t\t\t\t\t\t\t\t\t\t\t<span class=\"elementor-icon-list-text elementor-post-info__item elementor-post-info__item--type-terms\">\n\t\t\t\t\t\t\t\t\t\t<span class=\"elementor-post-info__terms-list\">\n\t\t\t\t<span class=\"elementor-post-info__terms-list-item\">Salute<\/span>\t\t\t\t<\/span>\n\t\t\t\t\t<\/span>\n\t\t\t\t\t\t\t\t<\/li>\n\t\t\t\t<\/ul>\n\t\t\t\t\t\t<\/div>\n\t\t\t\t<\/div>\n\t\t\t\t<div class=\"elementor-element elementor-element-60f468f elementor-widget elementor-widget-theme-post-title elementor-page-title elementor-widget-heading\" data-id=\"60f468f\" data-element_type=\"widget\" data-e-type=\"widget\" data-widget_type=\"theme-post-title.default\">\n\t\t\t\t<div class=\"elementor-widget-container\">\n\t\t\t\t\t<h2 class=\"elementor-heading-title elementor-size-default\">Primavera in Sicurezza: Proteggi il Tuo Amico a 4 Zampe da Parassiti e Pericoli Nascosti<\/h2>\t\t\t\t<\/div>\n\t\t\t\t<\/div>\n\t\t\t\t<\/div>\n\t\t\t\t\t<\/div>\n\t\t\t\t<\/a>\n\t\t\t\t<\/div>\n\t\t\t\t<div data-elementor-type=\"loop-item\" data-elementor-id=\"1310\" class=\"elementor elementor-1310 elementor-563 elementor-563 e-loop-item e-loop-item-1513 post-1513 post type-post status-publish format-standard has-post-thumbnail hentry category-nutricion\" data-elementor-post-type=\"elementor_library\" data-custom-edit-handle=\"1\">\n\t\t\t<a class=\"elementor-element elementor-element-41a45eb e-flex e-con-boxed e-con e-parent\" data-id=\"41a45eb\" data-element_type=\"container\" data-e-type=\"container\" data-settings=\"{&quot;background_background&quot;:&quot;classic&quot;}\" href=\"https:\/\/mondopet-phytoitalia.it\/es\/ancianos-pero-en-forma-como-ayudar-a-tu-perro-o-gato-a-envejecer-bien\/\">\n\t\t\t\t\t<div class=\"e-con-inner\">\n\t\t\t\t<div class=\"elementor-element elementor-element-9b7f739 elementor-widget elementor-widget-theme-post-featured-image elementor-widget-image\" data-id=\"9b7f739\" data-element_type=\"widget\" data-e-type=\"widget\" data-widget_type=\"theme-post-featured-image.default\">\n\t\t\t\t<div class=\"elementor-widget-container\">\n\t\t\t\t\t\t\t\t\t\t\t\t\t\t\t<img decoding=\"async\" width=\"750\" height=\"489\" src=\"https:\/\/mondopet-phytoitalia.it\/wp-content\/uploads\/2025\/02\/MP_articolo3_main.png\" class=\"attachment-full size-full wp-image-1398\" alt=\"\" srcset=\"https:\/\/mondopet-phytoitalia.it\/wp-content\/uploads\/2025\/02\/MP_articolo3_main.png 750w, https:\/\/mondopet-phytoitalia.it\/wp-content\/uploads\/2025\/02\/MP_articolo3_main-300x196.png 300w, https:\/\/mondopet-phytoitalia.it\/wp-content\/uploads\/2025\/02\/MP_articolo3_main-600x391.png 600w\" sizes=\"(max-width: 750px) 100vw, 750px\" \/>\t\t\t\t\t\t\t\t\t\t\t\t\t\t\t<\/div>\n\t\t\t\t<\/div>\n\t\t<div class=\"elementor-element elementor-element-aa94755 e-con-full e-flex e-con e-child\" data-id=\"aa94755\" data-element_type=\"container\" data-e-type=\"container\">\n\t\t\t\t<div class=\"elementor-element elementor-element-5f615c0 category elementor-widget elementor-widget-post-info\" data-id=\"5f615c0\" data-element_type=\"widget\" data-e-type=\"widget\" data-widget_type=\"post-info.default\">\n\t\t\t\t<div class=\"elementor-widget-container\">\n\t\t\t\t\t\t\t<ul class=\"elementor-inline-items elementor-icon-list-items elementor-post-info\">\n\t\t\t\t\t\t\t\t<li class=\"elementor-icon-list-item elementor-repeater-item-1d05f4f elementor-inline-item\" itemprop=\"about\">\n\t\t\t\t\t\t\t\t\t\t\t\t\t<span class=\"elementor-icon-list-text elementor-post-info__item elementor-post-info__item--type-terms\">\n\t\t\t\t\t\t\t\t\t\t<span class=\"elementor-post-info__terms-list\">\n\t\t\t\t<span class=\"elementor-post-info__terms-list-item\">Nutrici\u00f3n<\/span>\t\t\t\t<\/span>\n\t\t\t\t\t<\/span>\n\t\t\t\t\t\t\t\t<\/li>\n\t\t\t\t<\/ul>\n\t\t\t\t\t\t<\/div>\n\t\t\t\t<\/div>\n\t\t\t\t<div class=\"elementor-element elementor-element-60f468f elementor-widget elementor-widget-theme-post-title elementor-page-title elementor-widget-heading\" data-id=\"60f468f\" data-element_type=\"widget\" data-e-type=\"widget\" data-widget_type=\"theme-post-title.default\">\n\t\t\t\t<div class=\"elementor-widget-container\">\n\t\t\t\t\t<h2 class=\"elementor-heading-title elementor-size-default\">Ancianos pero en forma: c\u00f3mo ayudar a tu perro o gato a envejecer bien<\/h2>\t\t\t\t<\/div>\n\t\t\t\t<\/div>\n\t\t\t\t<div class=\"elementor-element elementor-element-fa21d6a elementor-widget elementor-widget-theme-post-excerpt\" data-id=\"fa21d6a\" data-element_type=\"widget\" data-e-type=\"widget\" data-widget_type=\"theme-post-excerpt.default\">\n\t\t\t\t<div class=\"elementor-widget-container\">\n\t\t\t\t\tAs\u00ed como ocurre con los seres humanos, tambi\u00e9n los perros y gatos enfrentan cambios f\u00edsicos y metab\u00f3licos con el paso de los a\u00f1os. \u00bfC\u00f3mo ayudarlos a vivir bien tambi\u00e9n en esta etapa? \t\t\t\t<\/div>\n\t\t\t\t<\/div>\n\t\t\t\t<\/div>\n\t\t\t\t\t<\/div>\n\t\t\t\t<\/a>\n\t\t\t\t<\/div>\n\t\t\t\t<div data-elementor-type=\"loop-item\" data-elementor-id=\"1310\" class=\"elementor elementor-1310 elementor-563 elementor-563 e-loop-item e-loop-item-1519 post-1519 post type-post status-publish format-standard has-post-thumbnail hentry category-nutricion\" data-elementor-post-type=\"elementor_library\" data-custom-edit-handle=\"1\">\n\t\t\t<a class=\"elementor-element elementor-element-41a45eb e-flex e-con-boxed e-con e-parent\" data-id=\"41a45eb\" data-element_type=\"container\" data-e-type=\"container\" data-settings=\"{&quot;background_background&quot;:&quot;classic&quot;}\" href=\"https:\/\/mondopet-phytoitalia.it\/es\/problemas-de-piel-y-pelaje-en-perros-y-gatos-los-remedios-naturales-que-marcan-la-diferencia\/\">\n\t\t\t\t\t<div class=\"e-con-inner\">\n\t\t\t\t<div class=\"elementor-element elementor-element-9b7f739 elementor-widget elementor-widget-theme-post-featured-image elementor-widget-image\" data-id=\"9b7f739\" data-element_type=\"widget\" data-e-type=\"widget\" data-widget_type=\"theme-post-featured-image.default\">\n\t\t\t\t<div class=\"elementor-widget-container\">\n\t\t\t\t\t\t\t\t\t\t\t\t\t\t\t<img loading=\"lazy\" decoding=\"async\" width=\"750\" height=\"489\" src=\"https:\/\/mondopet-phytoitalia.it\/wp-content\/uploads\/2025\/02\/MP_articolo2_main.png\" class=\"attachment-full size-full wp-image-1387\" alt=\"\" srcset=\"https:\/\/mondopet-phytoitalia.it\/wp-content\/uploads\/2025\/02\/MP_articolo2_main.png 750w, https:\/\/mondopet-phytoitalia.it\/wp-content\/uploads\/2025\/02\/MP_articolo2_main-300x196.png 300w, https:\/\/mondopet-phytoitalia.it\/wp-content\/uploads\/2025\/02\/MP_articolo2_main-600x391.png 600w\" sizes=\"(max-width: 750px) 100vw, 750px\" \/>\t\t\t\t\t\t\t\t\t\t\t\t\t\t\t<\/div>\n\t\t\t\t<\/div>\n\t\t<div class=\"elementor-element elementor-element-aa94755 e-con-full e-flex e-con e-child\" data-id=\"aa94755\" data-element_type=\"container\" data-e-type=\"container\">\n\t\t\t\t<div class=\"elementor-element elementor-element-5f615c0 category elementor-widget elementor-widget-post-info\" data-id=\"5f615c0\" data-element_type=\"widget\" data-e-type=\"widget\" data-widget_type=\"post-info.default\">\n\t\t\t\t<div class=\"elementor-widget-container\">\n\t\t\t\t\t\t\t<ul class=\"elementor-inline-items elementor-icon-list-items elementor-post-info\">\n\t\t\t\t\t\t\t\t<li class=\"elementor-icon-list-item elementor-repeater-item-1d05f4f elementor-inline-item\" itemprop=\"about\">\n\t\t\t\t\t\t\t\t\t\t\t\t\t<span class=\"elementor-icon-list-text elementor-post-info__item elementor-post-info__item--type-terms\">\n\t\t\t\t\t\t\t\t\t\t<span class=\"elementor-post-info__terms-list\">\n\t\t\t\t<span class=\"elementor-post-info__terms-list-item\">Nutrici\u00f3n<\/span>\t\t\t\t<\/span>\n\t\t\t\t\t<\/span>\n\t\t\t\t\t\t\t\t<\/li>\n\t\t\t\t<\/ul>\n\t\t\t\t\t\t<\/div>\n\t\t\t\t<\/div>\n\t\t\t\t<div class=\"elementor-element elementor-element-60f468f elementor-widget elementor-widget-theme-post-title elementor-page-title elementor-widget-heading\" data-id=\"60f468f\" data-element_type=\"widget\" data-e-type=\"widget\" data-widget_type=\"theme-post-title.default\">\n\t\t\t\t<div class=\"elementor-widget-container\">\n\t\t\t\t\t<h2 class=\"elementor-heading-title elementor-size-default\">\u00bfProblemas de piel y pelaje en perros y gatos? Los remedios naturales que marcan la diferencia<\/h2>\t\t\t\t<\/div>\n\t\t\t\t<\/div>\n\t\t\t\t<div class=\"elementor-element elementor-element-fa21d6a elementor-widget elementor-widget-theme-post-excerpt\" data-id=\"fa21d6a\" data-element_type=\"widget\" data-e-type=\"widget\" data-widget_type=\"theme-post-excerpt.default\">\n\t\t\t\t<div class=\"elementor-widget-container\">\n\t\t\t\t\t\u00bfCu\u00e1les son las causas m\u00e1s comunes de los problemas de piel y pelaje? \u00bfC\u00f3mo prevenir los trastornos o intervenir cuando surjan?\t\t\t\t<\/div>\n\t\t\t\t<\/div>\n\t\t\t\t<\/div>\n\t\t\t\t\t<\/div>\n\t\t\t\t<\/a>\n\t\t\t\t<\/div>\n\t\t\t\t<div data-elementor-type=\"loop-item\" data-elementor-id=\"1310\" class=\"elementor elementor-1310 elementor-563 elementor-563 e-loop-item e-loop-item-1538 post-1538 post type-post status-publish format-standard has-post-thumbnail hentry category-nutricion\" data-elementor-post-type=\"elementor_library\" data-custom-edit-handle=\"1\">\n\t\t\t<a class=\"elementor-element elementor-element-41a45eb e-flex e-con-boxed e-con e-parent\" data-id=\"41a45eb\" data-element_type=\"container\" data-e-type=\"container\" data-settings=\"{&quot;background_background&quot;:&quot;classic&quot;}\" href=\"https:\/\/mondopet-phytoitalia.it\/es\/alimentos-naturales-para-perros-y-gatos-cuando-y-por-que-son-utiles\/\">\n\t\t\t\t\t<div class=\"e-con-inner\">\n\t\t\t\t<div class=\"elementor-element elementor-element-9b7f739 elementor-widget elementor-widget-theme-post-featured-image elementor-widget-image\" data-id=\"9b7f739\" data-element_type=\"widget\" data-e-type=\"widget\" data-widget_type=\"theme-post-featured-image.default\">\n\t\t\t\t<div class=\"elementor-widget-container\">\n\t\t\t\t\t\t\t\t\t\t\t\t\t\t\t<img loading=\"lazy\" decoding=\"async\" width=\"1000\" height=\"652\" src=\"https:\/\/mondopet-phytoitalia.it\/wp-content\/uploads\/2025\/02\/MP_articolo1_main.png\" class=\"attachment-full size-full wp-image-1381\" alt=\"\" srcset=\"https:\/\/mondopet-phytoitalia.it\/wp-content\/uploads\/2025\/02\/MP_articolo1_main.png 1000w, https:\/\/mondopet-phytoitalia.it\/wp-content\/uploads\/2025\/02\/MP_articolo1_main-300x196.png 300w, https:\/\/mondopet-phytoitalia.it\/wp-content\/uploads\/2025\/02\/MP_articolo1_main-768x501.png 768w, https:\/\/mondopet-phytoitalia.it\/wp-content\/uploads\/2025\/02\/MP_articolo1_main-600x391.png 600w\" sizes=\"(max-width: 1000px) 100vw, 1000px\" \/>\t\t\t\t\t\t\t\t\t\t\t\t\t\t\t<\/div>\n\t\t\t\t<\/div>\n\t\t<div class=\"elementor-element elementor-element-aa94755 e-con-full e-flex e-con e-child\" data-id=\"aa94755\" data-element_type=\"container\" data-e-type=\"container\">\n\t\t\t\t<div class=\"elementor-element elementor-element-5f615c0 category elementor-widget elementor-widget-post-info\" data-id=\"5f615c0\" data-element_type=\"widget\" data-e-type=\"widget\" data-widget_type=\"post-info.default\">\n\t\t\t\t<div class=\"elementor-widget-container\">\n\t\t\t\t\t\t\t<ul class=\"elementor-inline-items elementor-icon-list-items elementor-post-info\">\n\t\t\t\t\t\t\t\t<li class=\"elementor-icon-list-item elementor-repeater-item-1d05f4f elementor-inline-item\" itemprop=\"about\">\n\t\t\t\t\t\t\t\t\t\t\t\t\t<span class=\"elementor-icon-list-text elementor-post-info__item elementor-post-info__item--type-terms\">\n\t\t\t\t\t\t\t\t\t\t<span class=\"elementor-post-info__terms-list\">\n\t\t\t\t<span class=\"elementor-post-info__terms-list-item\">Nutrici\u00f3n<\/span>\t\t\t\t<\/span>\n\t\t\t\t\t<\/span>\n\t\t\t\t\t\t\t\t<\/li>\n\t\t\t\t<\/ul>\n\t\t\t\t\t\t<\/div>\n\t\t\t\t<\/div>\n\t\t\t\t<div class=\"elementor-element elementor-element-60f468f elementor-widget elementor-widget-theme-post-title elementor-page-title elementor-widget-heading\" data-id=\"60f468f\" data-element_type=\"widget\" data-e-type=\"widget\" data-widget_type=\"theme-post-title.default\">\n\t\t\t\t<div class=\"elementor-widget-container\">\n\t\t\t\t\t<h2 class=\"elementor-heading-title elementor-size-default\">Alimentos naturales para perros y gatos: \u00bfcu\u00e1ndo y por qu\u00e9 son \u00fatiles?<\/h2>\t\t\t\t<\/div>\n\t\t\t\t<\/div>\n\t\t\t\t<div class=\"elementor-element elementor-element-fa21d6a elementor-widget elementor-widget-theme-post-excerpt\" data-id=\"fa21d6a\" data-element_type=\"widget\" data-e-type=\"widget\" data-widget_type=\"theme-post-excerpt.default\">\n\t\t\t\t<div class=\"elementor-widget-container\">\n\t\t\t\t\tA veces, la alimentaci\u00f3n diaria puede no ser suficiente para garantizar el bienestar de tu mascota. Descubre los superalimentos que pueden favorecer su bienestar.\t\t\t\t<\/div>\n\t\t\t\t<\/div>\n\t\t\t\t<\/div>\n\t\t\t\t\t<\/div>\n\t\t\t\t<\/a>\n\t\t\t\t<\/div>\n\t\t\t\t<\/div>\n\t\t\n\t\t\t\t\t\t<\/div>\n\t\t\t\t<\/div>\n\t\t\t\t<\/div>\n\t\t\t\t<\/div>\n\t\t\t\t<\/div>\n\t\t\t\t\t<\/div>\n\t\t\t\t<\/div>\n\t\t\t\t<\/div>\n\t\t\t\t<\/div>\n\t\t","protected":false},"excerpt":{"rendered":"<p>Revista Nuestra revista \u00a1Bienvenido\/a al magazine de Mondo Pet!Aqu\u00ed encontrar\u00e1s cada semana contenidos profesionales y especializados dedicadosa la salud y el bienestar psicof\u00edsico de tu amigo de cuatro patas.<\/p>\n","protected":false},"author":1,"featured_media":0,"parent":0,"menu_order":0,"comment_status":"closed","ping_status":"closed","template":"","meta":{"_acf_changed":false,"footnotes":""},"class_list":["post-1244","page","type-page","status-publish","hentry"],"acf":[],"_links":{"self":[{"href":"https:\/\/mondopet-phytoitalia.it\/es\/wp-json\/wp\/v2\/pages\/1244","targetHints":{"allow":["GET"]}}],"collection":[{"href":"https:\/\/mondopet-phytoitalia.it\/es\/wp-json\/wp\/v2\/pages"}],"about":[{"href":"https:\/\/mondopet-phytoitalia.it\/es\/wp-json\/wp\/v2\/types\/page"}],"author":[{"embeddable":true,"href":"https:\/\/mondopet-phytoitalia.it\/es\/wp-json\/wp\/v2\/users\/1"}],"replies":[{"embeddable":true,"href":"https:\/\/mondopet-phytoitalia.it\/es\/wp-json\/wp\/v2\/comments?post=1244"}],"version-history":[{"count":4,"href":"https:\/\/mondopet-phytoitalia.it\/es\/wp-json\/wp\/v2\/pages\/1244\/revisions"}],"predecessor-version":[{"id":1481,"href":"https:\/\/mondopet-phytoitalia.it\/es\/wp-json\/wp\/v2\/pages\/1244\/revisions\/1481"}],"wp:attachment":[{"href":"https:\/\/mondopet-phytoitalia.it\/es\/wp-json\/wp\/v2\/media?parent=1244"}],"curies":[{"name":"wp","href":"https:\/\/api.w.org\/{rel}","templated":true}]}}